{"id":2,"date":"2025-08-02T14:09:38","date_gmt":"2025-08-02T14:09:38","guid":{"rendered":"http:\/\/crvuyfh.cluster021.hosting.ovh.net\/?page_id=2"},"modified":"2025-08-05T15:05:29","modified_gmt":"2025-08-05T15:05:29","slug":"sample-page__trashed","status":"publish","type":"page","link":"https:\/\/www.loasisvegetale.fr\/index.php\/sample-page__trashed\/","title":{"rendered":"\u00c0 propos de nous"},"content":{"rendered":"<div data-colibri-id=\"2-c1\" class=\"style-319 style-local-2-c1 position-relative\">\r\n  <!---->\r\n  <div data-colibri-component=\"section\" data-colibri-id=\"2-c2\" id=\"initial-content\" class=\"h-section h-section-global-spacing d-flex align-items-lg-center align-items-md-center align-items-center style-320 style-local-2-c2 position-relative\">\r\n    <!---->\r\n    <!---->\r\n    <div class=\"h-section-grid-container h-section-fluid-container\">\r\n      <!---->\r\n      <div data-colibri-id=\"2-c3\" class=\"h-row-container gutters-row-lg-2 gutters-row-md-2 gutters-row-0 gutters-row-v-lg-2 gutters-row-v-md-2 gutters-row-v-2 style-321 style-local-2-c3 position-relative\">\r\n        <!---->\r\n        <div class=\"h-row justify-content-lg-center justify-content-md-center justify-content-center align-items-lg-stretch align-items-md-stretch align-items-stretch gutters-col-lg-2 gutters-col-md-2 gutters-col-0 gutters-col-v-lg-2 gutters-col-v-md-2 gutters-col-v-2\">\r\n          <!---->\r\n          <div class=\"h-column h-column-container d-flex h-col-lg-auto h-col-md-auto h-col-auto style-322-outer style-local-2-c4-outer\">\r\n            <div data-colibri-id=\"2-c4\" class=\"d-flex h-flex-basis h-column__inner h-px-lg-2 h-px-md-2 h-px-2 v-inner-lg-2 v-inner-md-2 v-inner-2 style-322 style-local-2-c4 position-relative\">\r\n              <!---->\r\n              <!---->\r\n              <div class=\"w-100 h-y-container h-column__content h-column__v-align flex-basis-100 align-self-lg-start align-self-md-start align-self-start\">\r\n                <!---->\r\n                <div data-colibri-id=\"2-c23\" class=\"h-lead h-text h-text-component style-340 style-local-2-c23 position-relative h-element\">\r\n                  <!---->\r\n                  <!---->\r\n                  <div class=\"\">\r\n                    <h3>C\u00e9l\u00e9brer la beaut\u00e9 de la nature<\/h3>\r\n                    <p>Chaque cr\u00e9ation de L\u2019Oasis V\u00e9g\u00e9tale est une ode \u00e0 la nature. Feuilles, mousses, fleurs s\u00e9ch\u00e9es, chaque \u00e9l\u00e9ment est choisi avec soin pour rappeler la richesse et la douceur du vivant. Observer, respecter, sublimer sans jamais d\u00e9naturer\r\n                      : telle est notre philosophie.<\/p>\r\n                    <h3>Cr\u00e9er en conscience<\/h3>\r\n                    <p>Nous privil\u00e9gions des mat\u00e9riaux durables, des proc\u00e9d\u00e9s artisanaux et une production raisonn\u00e9e. Derri\u00e8re chaque objet se cache une volont\u00e9 : proposer des alternatives esth\u00e9tiques et responsables, dans le respect de notre plan\u00e8te.<\/p>\r\n                    <h3>Valoriser le recyclage et la seconde vie<\/h3>\r\n                    <p>Donner une nouvelle vie aux objets, d\u00e9tourner, transformer, r\u00e9inventer. L\u2019Oasis V\u00e9g\u00e9tale s\u2019inscrit dans une d\u00e9marche de r\u00e9duction des d\u00e9chets, o\u00f9 chaque geste compte pour all\u00e9ger notre impact sur l\u2019environnement.<\/p>\r\n                    <h3>Prendre soin de soi en prenant soin de la Terre<\/h3>\r\n                    <p>Cr\u00e9er un terrarium, \u00e9couter le tintement d\u2019un carillon, d\u00e9corer son int\u00e9rieur avec des \u00e9l\u00e9ments naturels\u2026 Ce sont autant de petits plaisirs qui reconnectent \u00e0 l\u2019essentiel. Le respect de la nature commence aussi par le respect de son\r\n                      propre bien-\u00eatre.<\/p>\r\n                    <h3>Un engagement pour demain<\/h3>\r\n                    <p>Nous croyons qu\u2019une consommation plus douce et r\u00e9fl\u00e9chie est possible. \u00c0 travers nos cr\u00e9ations, nous semons les graines d\u2019un mode de vie plus harmonieux, o\u00f9 beaut\u00e9 et \u00e9cologie avancent main dans la main.<\/p>\r\n                  <\/div>\r\n                <\/div>\r\n              <\/div>\r\n            <\/div>\r\n          <\/div>\r\n        <\/div>\r\n      <\/div>\r\n    <\/div>\r\n  <\/div>\r\n  <div data-colibri-component=\"section\" data-colibri-id=\"2-c9\" id=\"overlappable\" class=\"h-section h-section-global-spacing d-flex align-items-lg-center align-items-md-center align-items-center style-334 style-local-2-c9 position-relative\">\r\n    <!---->\r\n    <!---->\r\n    <div class=\"h-section-grid-container h-section-boxed-container\">\r\n      <!---->\r\n      <div data-colibri-id=\"2-c10\" class=\"h-row-container gutters-row-lg-1 gutters-row-md-0 gutters-row-2 gutters-row-v-lg-1 gutters-row-v-md-0 gutters-row-v-1 style-335 style-local-2-c10 position-relative\">\r\n        <!---->\r\n        <div class=\"h-row justify-content-lg-center justify-content-md-center justify-content-center align-items-lg-stretch align-items-md-stretch align-items-stretch gutters-col-lg-1 gutters-col-md-0 gutters-col-2 gutters-col-v-lg-1 gutters-col-v-md-0 gutters-col-v-1\">\r\n          <!---->\r\n          <div class=\"h-column h-column-container d-flex h-col-lg-3 h-col-md-3 h-col-12 style-336-outer style-local-2-c11-outer\">\r\n            <div data-colibri-id=\"2-c11\" class=\"d-flex h-flex-basis h-column__inner h-px-lg-2 h-px-md-3 h-px-2 v-inner-lg-0 v-inner-md-3 v-inner-2 style-336 style-local-2-c11 position-relative\">\r\n              <!---->\r\n              <!---->\r\n              <div class=\"w-100 h-y-container h-column__content h-column__v-align flex-basis-100 align-self-lg-start align-self-md-start align-self-start\">\r\n                <!---->\r\n                <div data-colibri-id=\"2-c12\" class=\"h-icon style-337 style-local-2-c12 position-relative h-element\">\r\n                  <!----><span class=\"h-svg-icon h-icon__icon style-337-icon style-local-2-c12-icon\"><!--Icon by Font Awesome (https:\/\/fontawesome.com)-->\r\n    <svg version=\"1.1\" xmlns=\"http:\/\/www.w3.org\/2000\/svg\" xmlns:xlink=\"http:\/\/www.w3.org\/1999\/xlink\" id=\"recycle\" viewBox=\"0 0 1792 1896.0833\">\r\n      <path d=\"M836 1169l-15 368-2 22-420-29q-36-3-67-31.5t-47-65.5q-11-27-14.5-55t4-65 12-55 21.5-64 19-53q78 12 509 28zM449 583l180 379-147-92q-63 72-111.5 144.5t-72.5 125-39.5 94.5-18.5 63l-4 21L46 961q-17-26-18-56t6-47l8-18q35-63 114-188L16 566zm1231 517l-188 359q-12 29-36.5 46.5T1412 1526l-18 4q-71 7-219 12l8 164-230-367 211-362 7 173q170 16 283 5t170-33zM895 176q-47 63-265 435L313 424l-19-12L519 56q20-31 60-45t80-10q24 2 48.5 12t42 21T791 67t36 34.5 36 39.5 32 35zm655 307l212 363q18 37 12.5 76t-27.5 74q-13 20-33 37t-38 28-48.5 22-47 16-51.5 14-46 12q-34-72-265-436l313-195zm-143-226l142-83-220 373-419-20 151-86q-34-89-75-166t-75.5-123.5-64.5-80T799 25l-17-13 405 1q31-3 58 10.5t39 28.5l11 15q39 61 112 190z\"><\/path>\r\n    <\/svg><\/span><\/div>\r\n                <div data-colibri-id=\"2-c13\" class=\"h-global-transition-all h-heading style-338 style-local-2-c13 position-relative h-element\">\r\n                  <!---->\r\n                  <div class=\"h-heading__outer style-338 style-local-2-c13\">\r\n                    <!---->\r\n                    <!---->\r\n                    <h5 class=\"\">1\ufe0f\u20e3 Conceptions Responsables<\/h5>\r\n                  <\/div>\r\n                <\/div>\r\n                <div data-colibri-id=\"2-c14\" class=\"h-text h-text-component style-339 style-local-2-c14 position-relative h-element\">\r\n                  <!---->\r\n                  <!---->\r\n                  <div class=\"\">\r\n                    <p>Chaque cr\u00e9ation est pens\u00e9e pour respecter la nature : mat\u00e9riaux durables, production artisanale, recyclage et valorisation de ressources locales.<\/p>\r\n                  <\/div>\r\n                <\/div>\r\n              <\/div>\r\n            <\/div>\r\n          <\/div>\r\n          <div class=\"h-column h-column-container d-flex h-col-lg-3 h-col-md-3 h-col-12 style-336-outer style-local-2-c15-outer\">\r\n            <div data-colibri-id=\"2-c15\" class=\"d-flex h-flex-basis h-column__inner h-px-lg-2 h-px-md-3 h-px-2 v-inner-lg-0 v-inner-md-3 v-inner-2 style-336 style-local-2-c15 position-relative\">\r\n              <!---->\r\n              <!---->\r\n              <div class=\"w-100 h-y-container h-column__content h-column__v-align flex-basis-100 align-self-lg-start align-self-md-start align-self-start\">\r\n                <!---->\r\n                <div data-colibri-id=\"2-c16\" class=\"h-icon style-337 style-local-2-c16 position-relative h-element\">\r\n                  <!----><span class=\"h-svg-icon h-icon__icon style-337-icon style-local-2-c16-icon\"><!--Icon by Font Awesome (https:\/\/fontawesome.com)-->\r\n    <svg version=\"1.1\" xmlns=\"http:\/\/www.w3.org\/2000\/svg\" xmlns:xlink=\"http:\/\/www.w3.org\/1999\/xlink\" id=\"leaf\" viewBox=\"0 0 1792 1896.0833\">\r\n      <path d=\"M1280 704q0-26-19-45t-45-19q-172 0-318 49.5t-259.5 134T403 1043q-19 21-19 45 0 26 19 45t45 19q24 0 45-19 27-24 74-71t67-66q137-124 268.5-176t313.5-52q26 0 45-19t19-45zm512-198q0 95-20 193-46 224-184.5 383T1230 1350q-214 108-438 108-148 0-286-47-15-5-88-42t-96-37q-16 0-39.5 32t-45 70-52.5 70-60 32q-43 0-63.5-17.5T16 1459q-2-4-6-11t-5.5-10-3-9.5T0 1415q0-35 31-73.5t68-65.5 68-56 31-48q0-4-14-38t-16-44q-9-51-9-104 0-115 43.5-220t119-184.5 170.5-139T696 347q55-18 145-25.5t179.5-9 178.5-6 163.5-24T1476 226l29.5-29.5 29.5-28 27-20 36.5-16 43.5-4.5q39 0 70.5 46t47.5 112 24 124 8 96z\"><\/path>\r\n    <\/svg><\/span><\/div>\r\n                <div data-colibri-id=\"2-c17\" class=\"h-global-transition-all h-heading style-338 style-local-2-c17 position-relative h-element\">\r\n                  <!---->\r\n                  <div class=\"h-heading__outer style-338 style-local-2-c17\">\r\n                    <!---->\r\n                    <!---->\r\n                    <h5 class=\"\">2\ufe0f\u20e3 Objets Uniques &amp; \u00c9cologiques<\/h5>\r\n                  <\/div>\r\n                <\/div>\r\n                <div data-colibri-id=\"2-c18\" class=\"h-text h-text-component style-339 style-local-2-c18 position-relative h-element\">\r\n                  <!---->\r\n                  <!---->\r\n                  <div class=\"\">\r\n                    <p>Des terrariums aux d\u00e9corations en r\u00e9sine v\u00e9g\u00e9tale, chaque pi\u00e8ce raconte une histoire : celle d\u2019un artisanat \u00e9thique, au service de la beaut\u00e9 naturelle.<\/p>\r\n                  <\/div>\r\n                <\/div>\r\n              <\/div>\r\n            <\/div>\r\n          <\/div>\r\n          <div class=\"h-column h-column-container d-flex h-col-lg-3 h-col-md-3 h-col-12 style-336-outer style-local-2-c19-outer\">\r\n            <div data-colibri-id=\"2-c19\" class=\"d-flex h-flex-basis h-column__inner h-px-lg-2 h-px-md-3 h-px-2 v-inner-lg-0 v-inner-md-3 v-inner-2 style-336 style-local-2-c19 position-relative\">\r\n              <!---->\r\n              <!---->\r\n              <div class=\"w-100 h-y-container h-column__content h-column__v-align flex-basis-100 align-self-lg-start align-self-md-start align-self-start\">\r\n                <!---->\r\n                <div data-colibri-id=\"2-c20\" class=\"h-icon style-337 style-local-2-c20 position-relative h-element\">\r\n                  <!----><span class=\"h-svg-icon h-icon__icon style-337-icon style-local-2-c20-icon\"><!--Icon by Font Awesome (https:\/\/fontawesome.com)-->\r\n    <svg version=\"1.1\" xmlns=\"http:\/\/www.w3.org\/2000\/svg\" xmlns:xlink=\"http:\/\/www.w3.org\/1999\/xlink\" id=\"magic\" viewBox=\"0 0 1664 1896.0833\">\r\n      <path d=\"M1190 581l293-293-107-107-293 293zm447-293q0 27-18 45L333 1619q-18 18-45 18t-45-18L45 1421q-18-18-18-45t18-45L1331 45q18-18 45-18t45 18l198 198q18 18 18 45zM286 98l98 30-98 30-30 98-30-98-98-30 98-30 30-98zm350 162l196 60-196 60-60 196-60-196-196-60 196-60 60-196zm930 478l98 30-98 30-30 98-30-98-98-30 98-30 30-98zM926 98l98 30-98 30-30 98-30-98-98-30 98-30 30-98z\"><\/path>\r\n    <\/svg><\/span><\/div>\r\n                <div data-colibri-id=\"2-c21\" class=\"h-global-transition-all h-heading style-338 style-local-2-c21 position-relative h-element\">\r\n                  <!---->\r\n                  <div class=\"h-heading__outer style-338 style-local-2-c21\">\r\n                    <!---->\r\n                    <!---->\r\n                    <h5 class=\"\">3\ufe0f\u20e3 Personnalisation sur-mesure<\/h5>\r\n                  <\/div>\r\n                <\/div>\r\n                <div data-colibri-id=\"2-c22\" class=\"h-text h-text-component style-339 style-local-2-c22 position-relative h-element\">\r\n                  <!---->\r\n                  <!---->\r\n                  <div class=\"\">\r\n                    <p>Envie d\u2019une cr\u00e9ation qui vous ressemble ? Je r\u00e9alise vos projets personnalis\u00e9s, pour des objets durables et empreints de sens, en harmonie avec vos envies.<\/p>\r\n                  <\/div>\r\n                <\/div>\r\n              <\/div>\r\n            <\/div>\r\n          <\/div>\r\n        <\/div>\r\n      <\/div>\r\n    <\/div>\r\n  <\/div>\r\n<\/div>","protected":false},"excerpt":{"rendered":"<p>C\u00e9l\u00e9brer la beaut\u00e9 de la nature Chaque cr\u00e9ation de L\u2019Oasis V\u00e9g\u00e9tale est une [&hellip;]<\/p>\n","protected":false},"author":1,"featured_media":0,"parent":0,"menu_order":0,"comment_status":"closed","ping_status":"open","template":"page-templates\/full-width-page.php","meta":{"footnotes":""},"class_list":["post-2","page","type-page","status-publish","hentry"],"yoast_head":"<!-- This site is optimized with the Yoast SEO plugin v25.7 - https:\/\/yoast.com\/wordpress\/plugins\/seo\/ -->\n<title>\u00c0 propos de nous - L&#039;oasis V\u00e9g\u00e9tale<\/title>\n<meta name=\"robots\" content=\"index, follow, max-snippet:-1, max-image-preview:large, max-video-preview:-1\" \/>\n<link rel=\"canonical\" href=\"https:\/\/www.loasisvegetale.fr\/index.php\/sample-page__trashed\/\" \/>\n<meta property=\"og:locale\" content=\"fr_FR\" \/>\n<meta property=\"og:type\" content=\"article\" \/>\n<meta property=\"og:title\" content=\"\u00c0 propos de nous - L&#039;oasis V\u00e9g\u00e9tale\" \/>\n<meta property=\"og:description\" content=\"C\u00e9l\u00e9brer la beaut\u00e9 de la nature Chaque cr\u00e9ation de L\u2019Oasis V\u00e9g\u00e9tale est une [&hellip;]\" \/>\n<meta property=\"og:url\" content=\"https:\/\/www.loasisvegetale.fr\/index.php\/sample-page__trashed\/\" \/>\n<meta property=\"og:site_name\" content=\"L&#039;oasis V\u00e9g\u00e9tale\" \/>\n<meta property=\"article:modified_time\" content=\"2025-08-05T15:05:29+00:00\" \/>\n<meta name=\"twitter:card\" content=\"summary_large_image\" \/>\n<meta name=\"twitter:label1\" content=\"Dur\u00e9e de lecture estim\u00e9e\" \/>\n\t<meta name=\"twitter:data1\" content=\"2 minutes\" \/>\n<script type=\"application\/ld+json\" class=\"yoast-schema-graph\">{\"@context\":\"https:\/\/schema.org\",\"@graph\":[{\"@type\":\"WebPage\",\"@id\":\"https:\/\/www.loasisvegetale.fr\/index.php\/sample-page__trashed\/\",\"url\":\"https:\/\/www.loasisvegetale.fr\/index.php\/sample-page__trashed\/\",\"name\":\"\u00c0 propos de nous - L&#039;oasis V\u00e9g\u00e9tale\",\"isPartOf\":{\"@id\":\"https:\/\/www.loasisvegetale.fr\/#website\"},\"datePublished\":\"2025-08-02T14:09:38+00:00\",\"dateModified\":\"2025-08-05T15:05:29+00:00\",\"breadcrumb\":{\"@id\":\"https:\/\/www.loasisvegetale.fr\/index.php\/sample-page__trashed\/#breadcrumb\"},\"inLanguage\":\"fr-FR\",\"potentialAction\":[{\"@type\":\"ReadAction\",\"target\":[\"https:\/\/www.loasisvegetale.fr\/index.php\/sample-page__trashed\/\"]}]},{\"@type\":\"BreadcrumbList\",\"@id\":\"https:\/\/www.loasisvegetale.fr\/index.php\/sample-page__trashed\/#breadcrumb\",\"itemListElement\":[{\"@type\":\"ListItem\",\"position\":1,\"name\":\"Accueil\",\"item\":\"https:\/\/www.loasisvegetale.fr\/\"},{\"@type\":\"ListItem\",\"position\":2,\"name\":\"\u00c0 propos de nous\"}]},{\"@type\":\"WebSite\",\"@id\":\"https:\/\/www.loasisvegetale.fr\/#website\",\"url\":\"https:\/\/www.loasisvegetale.fr\/\",\"name\":\"L'oasis V\u00e9g\u00e9tale\",\"description\":\"\ud83c\udf44 L\u2019Oasis V\u00e9g\u00e9tale | Terrariums, Bougies &amp; Cr\u00e9ations Artisanales\",\"publisher\":{\"@id\":\"https:\/\/www.loasisvegetale.fr\/#organization\"},\"potentialAction\":[{\"@type\":\"SearchAction\",\"target\":{\"@type\":\"EntryPoint\",\"urlTemplate\":\"https:\/\/www.loasisvegetale.fr\/?s={search_term_string}\"},\"query-input\":{\"@type\":\"PropertyValueSpecification\",\"valueRequired\":true,\"valueName\":\"search_term_string\"}}],\"inLanguage\":\"fr-FR\"},{\"@type\":\"Organization\",\"@id\":\"https:\/\/www.loasisvegetale.fr\/#organization\",\"name\":\"L'oasis V\u00e9g\u00e9tale\",\"url\":\"https:\/\/www.loasisvegetale.fr\/\",\"logo\":{\"@type\":\"ImageObject\",\"inLanguage\":\"fr-FR\",\"@id\":\"https:\/\/www.loasisvegetale.fr\/#\/schema\/logo\/image\/\",\"url\":\"https:\/\/www.loasisvegetale.fr\/wp-content\/uploads\/2025\/08\/logo.png\",\"contentUrl\":\"https:\/\/www.loasisvegetale.fr\/wp-content\/uploads\/2025\/08\/logo.png\",\"width\":1024,\"height\":1024,\"caption\":\"L'oasis V\u00e9g\u00e9tale\"},\"image\":{\"@id\":\"https:\/\/www.loasisvegetale.fr\/#\/schema\/logo\/image\/\"},\"sameAs\":[\"https:\/\/www.instagram.com\/loasisvegetale\/\"]}]}<\/script>\n<!-- \/ Yoast SEO plugin. -->","yoast_head_json":{"title":"\u00c0 propos de nous - L&#039;oasis V\u00e9g\u00e9tale","robots":{"index":"index","follow":"follow","max-snippet":"max-snippet:-1","max-image-preview":"max-image-preview:large","max-video-preview":"max-video-preview:-1"},"canonical":"https:\/\/www.loasisvegetale.fr\/index.php\/sample-page__trashed\/","og_locale":"fr_FR","og_type":"article","og_title":"\u00c0 propos de nous - L&#039;oasis V\u00e9g\u00e9tale","og_description":"C\u00e9l\u00e9brer la beaut\u00e9 de la nature Chaque cr\u00e9ation de L\u2019Oasis V\u00e9g\u00e9tale est une [&hellip;]","og_url":"https:\/\/www.loasisvegetale.fr\/index.php\/sample-page__trashed\/","og_site_name":"L&#039;oasis V\u00e9g\u00e9tale","article_modified_time":"2025-08-05T15:05:29+00:00","twitter_card":"summary_large_image","twitter_misc":{"Dur\u00e9e de lecture estim\u00e9e":"2 minutes"},"schema":{"@context":"https:\/\/schema.org","@graph":[{"@type":"WebPage","@id":"https:\/\/www.loasisvegetale.fr\/index.php\/sample-page__trashed\/","url":"https:\/\/www.loasisvegetale.fr\/index.php\/sample-page__trashed\/","name":"\u00c0 propos de nous - L&#039;oasis V\u00e9g\u00e9tale","isPartOf":{"@id":"https:\/\/www.loasisvegetale.fr\/#website"},"datePublished":"2025-08-02T14:09:38+00:00","dateModified":"2025-08-05T15:05:29+00:00","breadcrumb":{"@id":"https:\/\/www.loasisvegetale.fr\/index.php\/sample-page__trashed\/#breadcrumb"},"inLanguage":"fr-FR","potentialAction":[{"@type":"ReadAction","target":["https:\/\/www.loasisvegetale.fr\/index.php\/sample-page__trashed\/"]}]},{"@type":"BreadcrumbList","@id":"https:\/\/www.loasisvegetale.fr\/index.php\/sample-page__trashed\/#breadcrumb","itemListElement":[{"@type":"ListItem","position":1,"name":"Accueil","item":"https:\/\/www.loasisvegetale.fr\/"},{"@type":"ListItem","position":2,"name":"\u00c0 propos de nous"}]},{"@type":"WebSite","@id":"https:\/\/www.loasisvegetale.fr\/#website","url":"https:\/\/www.loasisvegetale.fr\/","name":"L'oasis V\u00e9g\u00e9tale","description":"\ud83c\udf44 L\u2019Oasis V\u00e9g\u00e9tale | Terrariums, Bougies &amp; Cr\u00e9ations Artisanales","publisher":{"@id":"https:\/\/www.loasisvegetale.fr\/#organization"},"potentialAction":[{"@type":"SearchAction","target":{"@type":"EntryPoint","urlTemplate":"https:\/\/www.loasisvegetale.fr\/?s={search_term_string}"},"query-input":{"@type":"PropertyValueSpecification","valueRequired":true,"valueName":"search_term_string"}}],"inLanguage":"fr-FR"},{"@type":"Organization","@id":"https:\/\/www.loasisvegetale.fr\/#organization","name":"L'oasis V\u00e9g\u00e9tale","url":"https:\/\/www.loasisvegetale.fr\/","logo":{"@type":"ImageObject","inLanguage":"fr-FR","@id":"https:\/\/www.loasisvegetale.fr\/#\/schema\/logo\/image\/","url":"https:\/\/www.loasisvegetale.fr\/wp-content\/uploads\/2025\/08\/logo.png","contentUrl":"https:\/\/www.loasisvegetale.fr\/wp-content\/uploads\/2025\/08\/logo.png","width":1024,"height":1024,"caption":"L'oasis V\u00e9g\u00e9tale"},"image":{"@id":"https:\/\/www.loasisvegetale.fr\/#\/schema\/logo\/image\/"},"sameAs":["https:\/\/www.instagram.com\/loasisvegetale\/"]}]}},"jetpack_sharing_enabled":true,"_links":{"self":[{"href":"https:\/\/www.loasisvegetale.fr\/index.php\/wp-json\/wp\/v2\/pages\/2","targetHints":{"allow":["GET"]}}],"collection":[{"href":"https:\/\/www.loasisvegetale.fr\/index.php\/wp-json\/wp\/v2\/pages"}],"about":[{"href":"https:\/\/www.loasisvegetale.fr\/index.php\/wp-json\/wp\/v2\/types\/page"}],"author":[{"embeddable":true,"href":"https:\/\/www.loasisvegetale.fr\/index.php\/wp-json\/wp\/v2\/users\/1"}],"replies":[{"embeddable":true,"href":"https:\/\/www.loasisvegetale.fr\/index.php\/wp-json\/wp\/v2\/comments?post=2"}],"version-history":[{"count":12,"href":"https:\/\/www.loasisvegetale.fr\/index.php\/wp-json\/wp\/v2\/pages\/2\/revisions"}],"predecessor-version":[{"id":297,"href":"https:\/\/www.loasisvegetale.fr\/index.php\/wp-json\/wp\/v2\/pages\/2\/revisions\/297"}],"wp:attachment":[{"href":"https:\/\/www.loasisvegetale.fr\/index.php\/wp-json\/wp\/v2\/media?parent=2"}],"curies":[{"name":"wp","href":"https:\/\/api.w.org\/{rel}","templated":true}]}}