{"id":306,"date":"2025-08-05T15:25:33","date_gmt":"2025-08-05T15:25:33","guid":{"rendered":"https:\/\/www.loasisvegetale.fr\/?page_id=306"},"modified":"2025-08-22T15:41:28","modified_gmt":"2025-08-22T15:41:28","slug":"consignes","status":"publish","type":"page","link":"https:\/\/www.loasisvegetale.fr\/index.php\/sample-page__trashed\/consignes\/","title":{"rendered":"Consignes"},"content":{"rendered":"\n<h3 class=\"wp-block-heading has-text-align-center\">\ud83c\udf31 <strong>Ramenez vos contenants, gagnez une r\u00e9duction !<\/strong><\/h3>\n\n\n\n<p class=\"has-text-align-center\">Chez <strong>L\u2019Oasis V\u00e9g\u00e9tale<\/strong>, on croit fort \u00e0 une consommation locale, circulaire et pleine de bon sens \ud83d\udc9a<br>C\u2019est pourquoi, <strong>lors de nos march\u00e9s artisanaux<\/strong>, on vous propose un syst\u00e8me de consignes simple, sans prise de t\u00eate\u2026 et surtout, gagnant pour tout le monde !<\/p>\n\n\n\n<h3 class=\"wp-block-heading has-text-align-center\">\ud83d\udd01 <strong>Comment \u00e7a marche ?<\/strong><\/h3>\n\n\n\n<p class=\"has-text-align-center\">\u2705 <strong>Ramenez-nous<\/strong> :<br>\u2022 vos contenants L\u2019Oasis V\u00e9g\u00e9tale en bon \u00e9tat (terrariums, caches-pots, objets en r\u00e9sine)<br><strong>OU<\/strong><br>\u2022 des contenants r\u00e9utilisables que vous n\u2019utilisez plus (jolis pots, bocaux en verre, petits contenants d\u00e9co\u2026)<\/p>\n\n\n\n<p class=\"has-text-align-center\">\u2705 En \u00e9change, vous recevez <strong>une r\u00e9duction imm\u00e9diate de -10%<\/strong> sur <strong>toute la boutique<\/strong> valable <strong>sur place<\/strong> au march\u00e9 \ud83c\udf81<\/p>\n\n\n\n<h3 class=\"wp-block-heading has-text-align-center\">\ud83c\udf43 <strong>Pourquoi c\u2019est g\u00e9nial ?<\/strong><\/h3>\n\n\n\n<p class=\"has-text-align-center\">\u2728 Vous r\u00e9duisez les d\u00e9chets<br>\u2728 Vous soutenez une d\u00e9marche artisanale locale<br>\u2728 Vous faites des \u00e9conomies<br>\u2728 Vous participez \u00e0 une boucle vertueuse de r\u00e9utilisation<\/p>\n\n\n\n<p><\/p>\n\n\n\n<p class=\"has-text-align-center\">\ud83d\udcac <strong>Merci de contribuer \u00e0 faire pousser un monde plus doux, plus vert, plus durable \ud83c\udf0d<\/strong><br>Au plaisir de vous retrouver sur nos march\u00e9s locaux ! \ud83c\udf38<\/p>\n\n\n\n<p><\/p>\n","protected":false},"excerpt":{"rendered":"<p>\ud83c\udf31 Ramenez vos contenants, gagnez une r\u00e9duction ! Chez L\u2019Oasis V\u00e9g\u00e9tale, on croit [&hellip;]<\/p>\n","protected":false},"author":1,"featured_media":0,"parent":2,"menu_order":0,"comment_status":"closed","ping_status":"closed","template":"","meta":{"footnotes":""},"class_list":["post-306","page","type-page","status-publish","hentry"],"yoast_head":"<!-- This site is optimized with the Yoast SEO plugin v25.7 - https:\/\/yoast.com\/wordpress\/plugins\/seo\/ -->\n<title>Consignes - L&#039;oasis V\u00e9g\u00e9tale<\/title>\n<meta name=\"robots\" content=\"index, follow, max-snippet:-1, max-image-preview:large, max-video-preview:-1\" \/>\n<link rel=\"canonical\" href=\"https:\/\/www.loasisvegetale.fr\/index.php\/sample-page__trashed\/consignes\/\" \/>\n<meta property=\"og:locale\" content=\"fr_FR\" \/>\n<meta property=\"og:type\" content=\"article\" \/>\n<meta property=\"og:title\" content=\"Consignes - L&#039;oasis V\u00e9g\u00e9tale\" \/>\n<meta property=\"og:description\" content=\"\ud83c\udf31 Ramenez vos contenants, gagnez une r\u00e9duction ! Chez L\u2019Oasis V\u00e9g\u00e9tale, on croit [&hellip;]\" \/>\n<meta property=\"og:url\" content=\"https:\/\/www.loasisvegetale.fr\/index.php\/sample-page__trashed\/consignes\/\" \/>\n<meta property=\"og:site_name\" content=\"L&#039;oasis V\u00e9g\u00e9tale\" \/>\n<meta property=\"article:modified_time\" content=\"2025-08-22T15:41:28+00:00\" \/>\n<meta name=\"twitter:card\" content=\"summary_large_image\" \/>\n<meta name=\"twitter:label1\" content=\"Dur\u00e9e de lecture estim\u00e9e\" \/>\n\t<meta name=\"twitter:data1\" content=\"1 minute\" \/>\n<script type=\"application\/ld+json\" class=\"yoast-schema-graph\">{\"@context\":\"https:\/\/schema.org\",\"@graph\":[{\"@type\":\"WebPage\",\"@id\":\"https:\/\/www.loasisvegetale.fr\/index.php\/sample-page__trashed\/consignes\/\",\"url\":\"https:\/\/www.loasisvegetale.fr\/index.php\/sample-page__trashed\/consignes\/\",\"name\":\"Consignes - L&#039;oasis V\u00e9g\u00e9tale\",\"isPartOf\":{\"@id\":\"https:\/\/www.loasisvegetale.fr\/#website\"},\"datePublished\":\"2025-08-05T15:25:33+00:00\",\"dateModified\":\"2025-08-22T15:41:28+00:00\",\"breadcrumb\":{\"@id\":\"https:\/\/www.loasisvegetale.fr\/index.php\/sample-page__trashed\/consignes\/#breadcrumb\"},\"inLanguage\":\"fr-FR\",\"potentialAction\":[{\"@type\":\"ReadAction\",\"target\":[\"https:\/\/www.loasisvegetale.fr\/index.php\/sample-page__trashed\/consignes\/\"]}]},{\"@type\":\"BreadcrumbList\",\"@id\":\"https:\/\/www.loasisvegetale.fr\/index.php\/sample-page__trashed\/consignes\/#breadcrumb\",\"itemListElement\":[{\"@type\":\"ListItem\",\"position\":1,\"name\":\"Accueil\",\"item\":\"https:\/\/www.loasisvegetale.fr\/\"},{\"@type\":\"ListItem\",\"position\":2,\"name\":\"\u00c0 propos de nous\",\"item\":\"https:\/\/www.loasisvegetale.fr\/index.php\/sample-page__trashed\/\"},{\"@type\":\"ListItem\",\"position\":3,\"name\":\"Consignes\"}]},{\"@type\":\"WebSite\",\"@id\":\"https:\/\/www.loasisvegetale.fr\/#website\",\"url\":\"https:\/\/www.loasisvegetale.fr\/\",\"name\":\"L'oasis V\u00e9g\u00e9tale\",\"description\":\"\ud83c\udf44 L\u2019Oasis V\u00e9g\u00e9tale | Terrariums, Bougies &amp; Cr\u00e9ations Artisanales\",\"publisher\":{\"@id\":\"https:\/\/www.loasisvegetale.fr\/#organization\"},\"potentialAction\":[{\"@type\":\"SearchAction\",\"target\":{\"@type\":\"EntryPoint\",\"urlTemplate\":\"https:\/\/www.loasisvegetale.fr\/?s={search_term_string}\"},\"query-input\":{\"@type\":\"PropertyValueSpecification\",\"valueRequired\":true,\"valueName\":\"search_term_string\"}}],\"inLanguage\":\"fr-FR\"},{\"@type\":\"Organization\",\"@id\":\"https:\/\/www.loasisvegetale.fr\/#organization\",\"name\":\"L'oasis V\u00e9g\u00e9tale\",\"url\":\"https:\/\/www.loasisvegetale.fr\/\",\"logo\":{\"@type\":\"ImageObject\",\"inLanguage\":\"fr-FR\",\"@id\":\"https:\/\/www.loasisvegetale.fr\/#\/schema\/logo\/image\/\",\"url\":\"https:\/\/www.loasisvegetale.fr\/wp-content\/uploads\/2025\/08\/logo.png\",\"contentUrl\":\"https:\/\/www.loasisvegetale.fr\/wp-content\/uploads\/2025\/08\/logo.png\",\"width\":1024,\"height\":1024,\"caption\":\"L'oasis V\u00e9g\u00e9tale\"},\"image\":{\"@id\":\"https:\/\/www.loasisvegetale.fr\/#\/schema\/logo\/image\/\"},\"sameAs\":[\"https:\/\/www.instagram.com\/loasisvegetale\/\"]}]}<\/script>\n<!-- \/ Yoast SEO plugin. -->","yoast_head_json":{"title":"Consignes - L&#039;oasis V\u00e9g\u00e9tale","robots":{"index":"index","follow":"follow","max-snippet":"max-snippet:-1","max-image-preview":"max-image-preview:large","max-video-preview":"max-video-preview:-1"},"canonical":"https:\/\/www.loasisvegetale.fr\/index.php\/sample-page__trashed\/consignes\/","og_locale":"fr_FR","og_type":"article","og_title":"Consignes - L&#039;oasis V\u00e9g\u00e9tale","og_description":"\ud83c\udf31 Ramenez vos contenants, gagnez une r\u00e9duction ! Chez L\u2019Oasis V\u00e9g\u00e9tale, on croit [&hellip;]","og_url":"https:\/\/www.loasisvegetale.fr\/index.php\/sample-page__trashed\/consignes\/","og_site_name":"L&#039;oasis V\u00e9g\u00e9tale","article_modified_time":"2025-08-22T15:41:28+00:00","twitter_card":"summary_large_image","twitter_misc":{"Dur\u00e9e de lecture estim\u00e9e":"1 minute"},"schema":{"@context":"https:\/\/schema.org","@graph":[{"@type":"WebPage","@id":"https:\/\/www.loasisvegetale.fr\/index.php\/sample-page__trashed\/consignes\/","url":"https:\/\/www.loasisvegetale.fr\/index.php\/sample-page__trashed\/consignes\/","name":"Consignes - L&#039;oasis V\u00e9g\u00e9tale","isPartOf":{"@id":"https:\/\/www.loasisvegetale.fr\/#website"},"datePublished":"2025-08-05T15:25:33+00:00","dateModified":"2025-08-22T15:41:28+00:00","breadcrumb":{"@id":"https:\/\/www.loasisvegetale.fr\/index.php\/sample-page__trashed\/consignes\/#breadcrumb"},"inLanguage":"fr-FR","potentialAction":[{"@type":"ReadAction","target":["https:\/\/www.loasisvegetale.fr\/index.php\/sample-page__trashed\/consignes\/"]}]},{"@type":"BreadcrumbList","@id":"https:\/\/www.loasisvegetale.fr\/index.php\/sample-page__trashed\/consignes\/#breadcrumb","itemListElement":[{"@type":"ListItem","position":1,"name":"Accueil","item":"https:\/\/www.loasisvegetale.fr\/"},{"@type":"ListItem","position":2,"name":"\u00c0 propos de nous","item":"https:\/\/www.loasisvegetale.fr\/index.php\/sample-page__trashed\/"},{"@type":"ListItem","position":3,"name":"Consignes"}]},{"@type":"WebSite","@id":"https:\/\/www.loasisvegetale.fr\/#website","url":"https:\/\/www.loasisvegetale.fr\/","name":"L'oasis V\u00e9g\u00e9tale","description":"\ud83c\udf44 L\u2019Oasis V\u00e9g\u00e9tale | Terrariums, Bougies &amp; Cr\u00e9ations Artisanales","publisher":{"@id":"https:\/\/www.loasisvegetale.fr\/#organization"},"potentialAction":[{"@type":"SearchAction","target":{"@type":"EntryPoint","urlTemplate":"https:\/\/www.loasisvegetale.fr\/?s={search_term_string}"},"query-input":{"@type":"PropertyValueSpecification","valueRequired":true,"valueName":"search_term_string"}}],"inLanguage":"fr-FR"},{"@type":"Organization","@id":"https:\/\/www.loasisvegetale.fr\/#organization","name":"L'oasis V\u00e9g\u00e9tale","url":"https:\/\/www.loasisvegetale.fr\/","logo":{"@type":"ImageObject","inLanguage":"fr-FR","@id":"https:\/\/www.loasisvegetale.fr\/#\/schema\/logo\/image\/","url":"https:\/\/www.loasisvegetale.fr\/wp-content\/uploads\/2025\/08\/logo.png","contentUrl":"https:\/\/www.loasisvegetale.fr\/wp-content\/uploads\/2025\/08\/logo.png","width":1024,"height":1024,"caption":"L'oasis V\u00e9g\u00e9tale"},"image":{"@id":"https:\/\/www.loasisvegetale.fr\/#\/schema\/logo\/image\/"},"sameAs":["https:\/\/www.instagram.com\/loasisvegetale\/"]}]}},"jetpack_sharing_enabled":true,"_links":{"self":[{"href":"https:\/\/www.loasisvegetale.fr\/index.php\/wp-json\/wp\/v2\/pages\/306","targetHints":{"allow":["GET"]}}],"collection":[{"href":"https:\/\/www.loasisvegetale.fr\/index.php\/wp-json\/wp\/v2\/pages"}],"about":[{"href":"https:\/\/www.loasisvegetale.fr\/index.php\/wp-json\/wp\/v2\/types\/page"}],"author":[{"embeddable":true,"href":"https:\/\/www.loasisvegetale.fr\/index.php\/wp-json\/wp\/v2\/users\/1"}],"replies":[{"embeddable":true,"href":"https:\/\/www.loasisvegetale.fr\/index.php\/wp-json\/wp\/v2\/comments?post=306"}],"version-history":[{"count":4,"href":"https:\/\/www.loasisvegetale.fr\/index.php\/wp-json\/wp\/v2\/pages\/306\/revisions"}],"predecessor-version":[{"id":1038,"href":"https:\/\/www.loasisvegetale.fr\/index.php\/wp-json\/wp\/v2\/pages\/306\/revisions\/1038"}],"up":[{"embeddable":true,"href":"https:\/\/www.loasisvegetale.fr\/index.php\/wp-json\/wp\/v2\/pages\/2"}],"wp:attachment":[{"href":"https:\/\/www.loasisvegetale.fr\/index.php\/wp-json\/wp\/v2\/media?parent=306"}],"curies":[{"name":"wp","href":"https:\/\/api.w.org\/{rel}","templated":true}]}}