{"id":479,"date":"2025-08-17T16:58:15","date_gmt":"2025-08-17T16:58:15","guid":{"rendered":"https:\/\/www.loasisvegetale.fr\/?page_id=479"},"modified":"2025-08-17T17:27:47","modified_gmt":"2025-08-17T17:27:47","slug":"petit","status":"publish","type":"page","link":"https:\/\/www.loasisvegetale.fr\/index.php\/toutes-mes-creations\/terrarium\/petit\/","title":{"rendered":"Terrarium petit"},"content":{"rendered":"<div class=\"woocommerce columns-3 \"><\/div>\n","protected":false},"excerpt":{"rendered":"<p> [&hellip;]<\/p>\n","protected":false},"author":1,"featured_media":0,"parent":493,"menu_order":4,"comment_status":"closed","ping_status":"closed","template":"","meta":{"footnotes":""},"class_list":["post-479","page","type-page","status-publish","hentry"],"yoast_head":"<!-- This site is optimized with the Yoast SEO plugin v25.7 - https:\/\/yoast.com\/wordpress\/plugins\/seo\/ -->\n<title>Terrarium petit - L&#039;oasis V\u00e9g\u00e9tale<\/title>\n<meta name=\"robots\" content=\"index, follow, max-snippet:-1, max-image-preview:large, max-video-preview:-1\" \/>\n<link rel=\"canonical\" href=\"https:\/\/www.loasisvegetale.fr\/index.php\/toutes-mes-creations\/terrarium\/petit\/\" \/>\n<meta property=\"og:locale\" content=\"fr_FR\" \/>\n<meta property=\"og:type\" content=\"article\" \/>\n<meta property=\"og:title\" content=\"Terrarium petit - L&#039;oasis V\u00e9g\u00e9tale\" \/>\n<meta property=\"og:description\" content=\"[&hellip;]\" \/>\n<meta property=\"og:url\" content=\"https:\/\/www.loasisvegetale.fr\/index.php\/toutes-mes-creations\/terrarium\/petit\/\" \/>\n<meta property=\"og:site_name\" content=\"L&#039;oasis V\u00e9g\u00e9tale\" \/>\n<meta property=\"article:modified_time\" content=\"2025-08-17T17:27:47+00:00\" \/>\n<meta name=\"twitter:card\" content=\"summary_large_image\" \/>\n<script type=\"application\/ld+json\" class=\"yoast-schema-graph\">{\"@context\":\"https:\/\/schema.org\",\"@graph\":[{\"@type\":\"WebPage\",\"@id\":\"https:\/\/www.loasisvegetale.fr\/index.php\/toutes-mes-creations\/terrarium\/petit\/\",\"url\":\"https:\/\/www.loasisvegetale.fr\/index.php\/toutes-mes-creations\/terrarium\/petit\/\",\"name\":\"Terrarium petit - L&#039;oasis V\u00e9g\u00e9tale\",\"isPartOf\":{\"@id\":\"https:\/\/www.loasisvegetale.fr\/#website\"},\"datePublished\":\"2025-08-17T16:58:15+00:00\",\"dateModified\":\"2025-08-17T17:27:47+00:00\",\"breadcrumb\":{\"@id\":\"https:\/\/www.loasisvegetale.fr\/index.php\/toutes-mes-creations\/terrarium\/petit\/#breadcrumb\"},\"inLanguage\":\"fr-FR\",\"potentialAction\":[{\"@type\":\"ReadAction\",\"target\":[\"https:\/\/www.loasisvegetale.fr\/index.php\/toutes-mes-creations\/terrarium\/petit\/\"]}]},{\"@type\":\"BreadcrumbList\",\"@id\":\"https:\/\/www.loasisvegetale.fr\/index.php\/toutes-mes-creations\/terrarium\/petit\/#breadcrumb\",\"itemListElement\":[{\"@type\":\"ListItem\",\"position\":1,\"name\":\"Accueil\",\"item\":\"https:\/\/www.loasisvegetale.fr\/\"},{\"@type\":\"ListItem\",\"position\":2,\"name\":\"Cr\u00e9ations\",\"item\":\"https:\/\/www.loasisvegetale.fr\/index.php\/toutes-mes-creations\/\"},{\"@type\":\"ListItem\",\"position\":3,\"name\":\"Terrarium\",\"item\":\"https:\/\/www.loasisvegetale.fr\/index.php\/toutes-mes-creations\/terrarium\/\"},{\"@type\":\"ListItem\",\"position\":4,\"name\":\"Terrarium petit\"}]},{\"@type\":\"WebSite\",\"@id\":\"https:\/\/www.loasisvegetale.fr\/#website\",\"url\":\"https:\/\/www.loasisvegetale.fr\/\",\"name\":\"L'oasis V\u00e9g\u00e9tale\",\"description\":\"\ud83c\udf44 L\u2019Oasis V\u00e9g\u00e9tale | Terrariums, Bougies &amp; Cr\u00e9ations Artisanales\",\"publisher\":{\"@id\":\"https:\/\/www.loasisvegetale.fr\/#organization\"},\"potentialAction\":[{\"@type\":\"SearchAction\",\"target\":{\"@type\":\"EntryPoint\",\"urlTemplate\":\"https:\/\/www.loasisvegetale.fr\/?s={search_term_string}\"},\"query-input\":{\"@type\":\"PropertyValueSpecification\",\"valueRequired\":true,\"valueName\":\"search_term_string\"}}],\"inLanguage\":\"fr-FR\"},{\"@type\":\"Organization\",\"@id\":\"https:\/\/www.loasisvegetale.fr\/#organization\",\"name\":\"L'oasis V\u00e9g\u00e9tale\",\"url\":\"https:\/\/www.loasisvegetale.fr\/\",\"logo\":{\"@type\":\"ImageObject\",\"inLanguage\":\"fr-FR\",\"@id\":\"https:\/\/www.loasisvegetale.fr\/#\/schema\/logo\/image\/\",\"url\":\"https:\/\/www.loasisvegetale.fr\/wp-content\/uploads\/2025\/08\/logo.png\",\"contentUrl\":\"https:\/\/www.loasisvegetale.fr\/wp-content\/uploads\/2025\/08\/logo.png\",\"width\":1024,\"height\":1024,\"caption\":\"L'oasis V\u00e9g\u00e9tale\"},\"image\":{\"@id\":\"https:\/\/www.loasisvegetale.fr\/#\/schema\/logo\/image\/\"},\"sameAs\":[\"https:\/\/www.instagram.com\/loasisvegetale\/\"]}]}<\/script>\n<!-- \/ Yoast SEO plugin. -->","yoast_head_json":{"title":"Terrarium petit - L&#039;oasis V\u00e9g\u00e9tale","robots":{"index":"index","follow":"follow","max-snippet":"max-snippet:-1","max-image-preview":"max-image-preview:large","max-video-preview":"max-video-preview:-1"},"canonical":"https:\/\/www.loasisvegetale.fr\/index.php\/toutes-mes-creations\/terrarium\/petit\/","og_locale":"fr_FR","og_type":"article","og_title":"Terrarium petit - L&#039;oasis V\u00e9g\u00e9tale","og_description":"[&hellip;]","og_url":"https:\/\/www.loasisvegetale.fr\/index.php\/toutes-mes-creations\/terrarium\/petit\/","og_site_name":"L&#039;oasis V\u00e9g\u00e9tale","article_modified_time":"2025-08-17T17:27:47+00:00","twitter_card":"summary_large_image","schema":{"@context":"https:\/\/schema.org","@graph":[{"@type":"WebPage","@id":"https:\/\/www.loasisvegetale.fr\/index.php\/toutes-mes-creations\/terrarium\/petit\/","url":"https:\/\/www.loasisvegetale.fr\/index.php\/toutes-mes-creations\/terrarium\/petit\/","name":"Terrarium petit - L&#039;oasis V\u00e9g\u00e9tale","isPartOf":{"@id":"https:\/\/www.loasisvegetale.fr\/#website"},"datePublished":"2025-08-17T16:58:15+00:00","dateModified":"2025-08-17T17:27:47+00:00","breadcrumb":{"@id":"https:\/\/www.loasisvegetale.fr\/index.php\/toutes-mes-creations\/terrarium\/petit\/#breadcrumb"},"inLanguage":"fr-FR","potentialAction":[{"@type":"ReadAction","target":["https:\/\/www.loasisvegetale.fr\/index.php\/toutes-mes-creations\/terrarium\/petit\/"]}]},{"@type":"BreadcrumbList","@id":"https:\/\/www.loasisvegetale.fr\/index.php\/toutes-mes-creations\/terrarium\/petit\/#breadcrumb","itemListElement":[{"@type":"ListItem","position":1,"name":"Accueil","item":"https:\/\/www.loasisvegetale.fr\/"},{"@type":"ListItem","position":2,"name":"Cr\u00e9ations","item":"https:\/\/www.loasisvegetale.fr\/index.php\/toutes-mes-creations\/"},{"@type":"ListItem","position":3,"name":"Terrarium","item":"https:\/\/www.loasisvegetale.fr\/index.php\/toutes-mes-creations\/terrarium\/"},{"@type":"ListItem","position":4,"name":"Terrarium petit"}]},{"@type":"WebSite","@id":"https:\/\/www.loasisvegetale.fr\/#website","url":"https:\/\/www.loasisvegetale.fr\/","name":"L'oasis V\u00e9g\u00e9tale","description":"\ud83c\udf44 L\u2019Oasis V\u00e9g\u00e9tale | Terrariums, Bougies &amp; Cr\u00e9ations Artisanales","publisher":{"@id":"https:\/\/www.loasisvegetale.fr\/#organization"},"potentialAction":[{"@type":"SearchAction","target":{"@type":"EntryPoint","urlTemplate":"https:\/\/www.loasisvegetale.fr\/?s={search_term_string}"},"query-input":{"@type":"PropertyValueSpecification","valueRequired":true,"valueName":"search_term_string"}}],"inLanguage":"fr-FR"},{"@type":"Organization","@id":"https:\/\/www.loasisvegetale.fr\/#organization","name":"L'oasis V\u00e9g\u00e9tale","url":"https:\/\/www.loasisvegetale.fr\/","logo":{"@type":"ImageObject","inLanguage":"fr-FR","@id":"https:\/\/www.loasisvegetale.fr\/#\/schema\/logo\/image\/","url":"https:\/\/www.loasisvegetale.fr\/wp-content\/uploads\/2025\/08\/logo.png","contentUrl":"https:\/\/www.loasisvegetale.fr\/wp-content\/uploads\/2025\/08\/logo.png","width":1024,"height":1024,"caption":"L'oasis V\u00e9g\u00e9tale"},"image":{"@id":"https:\/\/www.loasisvegetale.fr\/#\/schema\/logo\/image\/"},"sameAs":["https:\/\/www.instagram.com\/loasisvegetale\/"]}]}},"jetpack_sharing_enabled":true,"_links":{"self":[{"href":"https:\/\/www.loasisvegetale.fr\/index.php\/wp-json\/wp\/v2\/pages\/479","targetHints":{"allow":["GET"]}}],"collection":[{"href":"https:\/\/www.loasisvegetale.fr\/index.php\/wp-json\/wp\/v2\/pages"}],"about":[{"href":"https:\/\/www.loasisvegetale.fr\/index.php\/wp-json\/wp\/v2\/types\/page"}],"author":[{"embeddable":true,"href":"https:\/\/www.loasisvegetale.fr\/index.php\/wp-json\/wp\/v2\/users\/1"}],"replies":[{"embeddable":true,"href":"https:\/\/www.loasisvegetale.fr\/index.php\/wp-json\/wp\/v2\/comments?post=479"}],"version-history":[{"count":4,"href":"https:\/\/www.loasisvegetale.fr\/index.php\/wp-json\/wp\/v2\/pages\/479\/revisions"}],"predecessor-version":[{"id":522,"href":"https:\/\/www.loasisvegetale.fr\/index.php\/wp-json\/wp\/v2\/pages\/479\/revisions\/522"}],"up":[{"embeddable":true,"href":"https:\/\/www.loasisvegetale.fr\/index.php\/wp-json\/wp\/v2\/pages\/493"}],"wp:attachment":[{"href":"https:\/\/www.loasisvegetale.fr\/index.php\/wp-json\/wp\/v2\/media?parent=479"}],"curies":[{"name":"wp","href":"https:\/\/api.w.org\/{rel}","templated":true}]}}