{"id":493,"date":"2025-08-17T17:14:06","date_gmt":"2025-08-17T17:14:06","guid":{"rendered":"https:\/\/www.loasisvegetale.fr\/?page_id=493"},"modified":"2025-08-17T21:59:50","modified_gmt":"2025-08-17T21:59:50","slug":"terrarium","status":"publish","type":"page","link":"https:\/\/www.loasisvegetale.fr\/index.php\/toutes-mes-creations\/terrarium\/","title":{"rendered":"Terrarium"},"content":{"rendered":"<div class=\"woocommerce columns-3 \"><ul class=\"products columns-3\">\n<li class=\"product type-product post-1100 status-publish first instock product_cat-terrarium has-post-thumbnail taxable shipping-taxable purchasable product-type-simple\">\n\t<a href=\"https:\/\/www.loasisvegetale.fr\/index.php\/produit\/evasion-naturelle\/\" class=\"woocommerce-LoopProduct-link woocommerce-loop-product__link\"><img loading=\"lazy\" decoding=\"async\" width=\"300\" height=\"300\" src=\"https:\/\/www.loasisvegetale.fr\/wp-content\/uploads\/2025\/08\/1-5-300x300.jpg\" class=\"attachment-woocommerce_thumbnail size-woocommerce_thumbnail\" alt=\"Evasion naturelle\" srcset=\"https:\/\/www.loasisvegetale.fr\/wp-content\/uploads\/2025\/08\/1-5-300x300.jpg 300w, https:\/\/www.loasisvegetale.fr\/wp-content\/uploads\/2025\/08\/1-5-150x150.jpg 150w, https:\/\/www.loasisvegetale.fr\/wp-content\/uploads\/2025\/08\/1-5-100x100.jpg 100w\" sizes=\"auto, (max-width: 300px) 100vw, 300px\" \/><h2 class=\"woocommerce-loop-product__title\">Evasion naturelle<\/h2>\n\t<span class=\"price\"><span class=\"woocommerce-Price-amount amount\"><bdi>25,00&nbsp;<span class=\"woocommerce-Price-currencySymbol\">&euro;<\/span><\/bdi><\/span> <small class=\"woocommerce-price-suffix\">Taxe inclue<\/small><\/span>\n<\/a><a href=\"\/index.php\/wp-json\/wp\/v2\/pages\/493?add-to-cart=1100\" aria-describedby=\"woocommerce_loop_add_to_cart_link_describedby_1100\" data-quantity=\"1\" class=\"button product_type_simple add_to_cart_button ajax_add_to_cart\" data-product_id=\"1100\" data-product_sku=\"\" aria-label=\"Ajouter au panier\u00a0: &ldquo;Evasion naturelle&rdquo;\" rel=\"nofollow\" data-success_message=\"\u00ab\u00a0Evasion naturelle\u00a0\u00bb a \u00e9t\u00e9 ajout\u00e9 \u00e0 votre panier\" role=\"button\">Ajouter au panier<\/a>\t<span id=\"woocommerce_loop_add_to_cart_link_describedby_1100\" class=\"screen-reader-text\">\n\t\t\t<\/span>\n<\/li>\n<li class=\"product type-product post-470 status-publish instock product_cat-terrarium has-post-thumbnail taxable shipping-taxable purchasable product-type-simple\">\n\t<a href=\"https:\/\/www.loasisvegetale.fr\/index.php\/produit\/foret-enchantee\/\" class=\"woocommerce-LoopProduct-link woocommerce-loop-product__link\"><img loading=\"lazy\" decoding=\"async\" width=\"300\" height=\"300\" src=\"https:\/\/www.loasisvegetale.fr\/wp-content\/uploads\/2025\/08\/2-300x300.jpg\" class=\"attachment-woocommerce_thumbnail size-woocommerce_thumbnail\" alt=\"For\u00eat Enchant\u00e9e\" srcset=\"https:\/\/www.loasisvegetale.fr\/wp-content\/uploads\/2025\/08\/2-300x300.jpg 300w, https:\/\/www.loasisvegetale.fr\/wp-content\/uploads\/2025\/08\/2-150x150.jpg 150w, https:\/\/www.loasisvegetale.fr\/wp-content\/uploads\/2025\/08\/2-100x100.jpg 100w\" sizes=\"auto, (max-width: 300px) 100vw, 300px\" \/><h2 class=\"woocommerce-loop-product__title\">For\u00eat Enchant\u00e9e<\/h2>\n\t<span class=\"price\"><span class=\"woocommerce-Price-amount amount\"><bdi>25,00&nbsp;<span class=\"woocommerce-Price-currencySymbol\">&euro;<\/span><\/bdi><\/span> <small class=\"woocommerce-price-suffix\">Taxe inclue<\/small><\/span>\n<\/a><a href=\"\/index.php\/wp-json\/wp\/v2\/pages\/493?add-to-cart=470\" aria-describedby=\"woocommerce_loop_add_to_cart_link_describedby_470\" data-quantity=\"1\" class=\"button product_type_simple add_to_cart_button ajax_add_to_cart\" data-product_id=\"470\" data-product_sku=\"\" aria-label=\"Ajouter au panier\u00a0: &ldquo;For\u00eat Enchant\u00e9e&rdquo;\" rel=\"nofollow\" data-success_message=\"\u00ab\u00a0For\u00eat Enchant\u00e9e\u00a0\u00bb a \u00e9t\u00e9 ajout\u00e9 \u00e0 votre panier\" role=\"button\">Ajouter au panier<\/a>\t<span id=\"woocommerce_loop_add_to_cart_link_describedby_470\" class=\"screen-reader-text\">\n\t\t\t<\/span>\n<\/li>\n<li class=\"product type-product post-1096 status-publish last instock product_cat-terrarium has-post-thumbnail taxable shipping-taxable purchasable product-type-simple\">\n\t<a href=\"https:\/\/www.loasisvegetale.fr\/index.php\/produit\/terre-sauvage-terrarium-foret\/\" class=\"woocommerce-LoopProduct-link woocommerce-loop-product__link\"><img loading=\"lazy\" decoding=\"async\" width=\"300\" height=\"300\" src=\"https:\/\/www.loasisvegetale.fr\/wp-content\/uploads\/2025\/08\/1-4-300x300.jpg\" class=\"attachment-woocommerce_thumbnail size-woocommerce_thumbnail\" alt=\"Terre sauvage\" srcset=\"https:\/\/www.loasisvegetale.fr\/wp-content\/uploads\/2025\/08\/1-4-300x300.jpg 300w, https:\/\/www.loasisvegetale.fr\/wp-content\/uploads\/2025\/08\/1-4-150x150.jpg 150w, https:\/\/www.loasisvegetale.fr\/wp-content\/uploads\/2025\/08\/1-4-100x100.jpg 100w\" sizes=\"auto, (max-width: 300px) 100vw, 300px\" \/><h2 class=\"woocommerce-loop-product__title\">Terre sauvage<\/h2>\n\t<span class=\"price\"><span class=\"woocommerce-Price-amount amount\"><bdi>25,00&nbsp;<span class=\"woocommerce-Price-currencySymbol\">&euro;<\/span><\/bdi><\/span> <small class=\"woocommerce-price-suffix\">Taxe inclue<\/small><\/span>\n<\/a><a href=\"\/index.php\/wp-json\/wp\/v2\/pages\/493?add-to-cart=1096\" aria-describedby=\"woocommerce_loop_add_to_cart_link_describedby_1096\" data-quantity=\"1\" class=\"button product_type_simple add_to_cart_button ajax_add_to_cart\" data-product_id=\"1096\" data-product_sku=\"\" aria-label=\"Ajouter au panier\u00a0: &ldquo;Terre sauvage&rdquo;\" rel=\"nofollow\" data-success_message=\"\u00ab\u00a0Terre sauvage\u00a0\u00bb a \u00e9t\u00e9 ajout\u00e9 \u00e0 votre panier\" role=\"button\">Ajouter au panier<\/a>\t<span id=\"woocommerce_loop_add_to_cart_link_describedby_1096\" class=\"screen-reader-text\">\n\t\t\t<\/span>\n<\/li>\n<li class=\"product type-product post-1104 status-publish first instock product_cat-terrarium has-post-thumbnail taxable shipping-taxable purchasable product-type-simple\">\n\t<a href=\"https:\/\/www.loasisvegetale.fr\/index.php\/produit\/village-enchante\/\" class=\"woocommerce-LoopProduct-link woocommerce-loop-product__link\"><img loading=\"lazy\" decoding=\"async\" width=\"300\" height=\"300\" src=\"https:\/\/www.loasisvegetale.fr\/wp-content\/uploads\/2025\/08\/5-1-300x300.jpg\" class=\"attachment-woocommerce_thumbnail size-woocommerce_thumbnail\" alt=\"Village Enchant\u00e9\" srcset=\"https:\/\/www.loasisvegetale.fr\/wp-content\/uploads\/2025\/08\/5-1-300x300.jpg 300w, https:\/\/www.loasisvegetale.fr\/wp-content\/uploads\/2025\/08\/5-1-150x150.jpg 150w, https:\/\/www.loasisvegetale.fr\/wp-content\/uploads\/2025\/08\/5-1-100x100.jpg 100w\" sizes=\"auto, (max-width: 300px) 100vw, 300px\" \/><h2 class=\"woocommerce-loop-product__title\">Village Enchant\u00e9<\/h2>\n\t<span class=\"price\"><span class=\"woocommerce-Price-amount amount\"><bdi>60,00&nbsp;<span class=\"woocommerce-Price-currencySymbol\">&euro;<\/span><\/bdi><\/span> <small class=\"woocommerce-price-suffix\">Taxe inclue<\/small><\/span>\n<\/a><a href=\"\/index.php\/wp-json\/wp\/v2\/pages\/493?add-to-cart=1104\" aria-describedby=\"woocommerce_loop_add_to_cart_link_describedby_1104\" data-quantity=\"1\" class=\"button product_type_simple add_to_cart_button ajax_add_to_cart\" data-product_id=\"1104\" data-product_sku=\"\" aria-label=\"Ajouter au panier\u00a0: &ldquo;Village Enchant\u00e9&rdquo;\" rel=\"nofollow\" data-success_message=\"\u00ab\u00a0Village Enchant\u00e9\u00a0\u00bb a \u00e9t\u00e9 ajout\u00e9 \u00e0 votre panier\" role=\"button\">Ajouter au panier<\/a>\t<span id=\"woocommerce_loop_add_to_cart_link_describedby_1104\" class=\"screen-reader-text\">\n\t\t\t<\/span>\n<\/li>\n<\/ul>\n<\/div>\n","protected":false},"excerpt":{"rendered":"<p> [&hellip;]<\/p>\n","protected":false},"author":1,"featured_media":0,"parent":474,"menu_order":0,"comment_status":"closed","ping_status":"closed","template":"","meta":{"footnotes":""},"class_list":["post-493","page","type-page","status-publish","hentry"],"yoast_head":"<!-- This site is optimized with the Yoast SEO plugin v25.7 - https:\/\/yoast.com\/wordpress\/plugins\/seo\/ -->\n<title>Terrarium - L&#039;oasis V\u00e9g\u00e9tale<\/title>\n<meta name=\"robots\" content=\"index, follow, max-snippet:-1, max-image-preview:large, max-video-preview:-1\" \/>\n<link rel=\"canonical\" href=\"https:\/\/www.loasisvegetale.fr\/index.php\/toutes-mes-creations\/terrarium\/\" \/>\n<meta property=\"og:locale\" content=\"fr_FR\" \/>\n<meta property=\"og:type\" content=\"article\" \/>\n<meta property=\"og:title\" content=\"Terrarium - L&#039;oasis V\u00e9g\u00e9tale\" \/>\n<meta property=\"og:description\" content=\"[&hellip;]\" \/>\n<meta property=\"og:url\" content=\"https:\/\/www.loasisvegetale.fr\/index.php\/toutes-mes-creations\/terrarium\/\" \/>\n<meta property=\"og:site_name\" content=\"L&#039;oasis V\u00e9g\u00e9tale\" \/>\n<meta property=\"article:modified_time\" content=\"2025-08-17T21:59:50+00:00\" \/>\n<meta name=\"twitter:card\" content=\"summary_large_image\" \/>\n<script type=\"application\/ld+json\" class=\"yoast-schema-graph\">{\"@context\":\"https:\/\/schema.org\",\"@graph\":[{\"@type\":\"WebPage\",\"@id\":\"https:\/\/www.loasisvegetale.fr\/index.php\/toutes-mes-creations\/terrarium\/\",\"url\":\"https:\/\/www.loasisvegetale.fr\/index.php\/toutes-mes-creations\/terrarium\/\",\"name\":\"Terrarium - L&#039;oasis V\u00e9g\u00e9tale\",\"isPartOf\":{\"@id\":\"https:\/\/www.loasisvegetale.fr\/#website\"},\"datePublished\":\"2025-08-17T17:14:06+00:00\",\"dateModified\":\"2025-08-17T21:59:50+00:00\",\"breadcrumb\":{\"@id\":\"https:\/\/www.loasisvegetale.fr\/index.php\/toutes-mes-creations\/terrarium\/#breadcrumb\"},\"inLanguage\":\"fr-FR\",\"potentialAction\":[{\"@type\":\"ReadAction\",\"target\":[\"https:\/\/www.loasisvegetale.fr\/index.php\/toutes-mes-creations\/terrarium\/\"]}]},{\"@type\":\"BreadcrumbList\",\"@id\":\"https:\/\/www.loasisvegetale.fr\/index.php\/toutes-mes-creations\/terrarium\/#breadcrumb\",\"itemListElement\":[{\"@type\":\"ListItem\",\"position\":1,\"name\":\"Accueil\",\"item\":\"https:\/\/www.loasisvegetale.fr\/\"},{\"@type\":\"ListItem\",\"position\":2,\"name\":\"Cr\u00e9ations\",\"item\":\"https:\/\/www.loasisvegetale.fr\/index.php\/toutes-mes-creations\/\"},{\"@type\":\"ListItem\",\"position\":3,\"name\":\"Terrarium\"}]},{\"@type\":\"WebSite\",\"@id\":\"https:\/\/www.loasisvegetale.fr\/#website\",\"url\":\"https:\/\/www.loasisvegetale.fr\/\",\"name\":\"L'oasis V\u00e9g\u00e9tale\",\"description\":\"\ud83c\udf44 L\u2019Oasis V\u00e9g\u00e9tale | Terrariums, Bougies &amp; Cr\u00e9ations Artisanales\",\"publisher\":{\"@id\":\"https:\/\/www.loasisvegetale.fr\/#organization\"},\"potentialAction\":[{\"@type\":\"SearchAction\",\"target\":{\"@type\":\"EntryPoint\",\"urlTemplate\":\"https:\/\/www.loasisvegetale.fr\/?s={search_term_string}\"},\"query-input\":{\"@type\":\"PropertyValueSpecification\",\"valueRequired\":true,\"valueName\":\"search_term_string\"}}],\"inLanguage\":\"fr-FR\"},{\"@type\":\"Organization\",\"@id\":\"https:\/\/www.loasisvegetale.fr\/#organization\",\"name\":\"L'oasis V\u00e9g\u00e9tale\",\"url\":\"https:\/\/www.loasisvegetale.fr\/\",\"logo\":{\"@type\":\"ImageObject\",\"inLanguage\":\"fr-FR\",\"@id\":\"https:\/\/www.loasisvegetale.fr\/#\/schema\/logo\/image\/\",\"url\":\"https:\/\/www.loasisvegetale.fr\/wp-content\/uploads\/2025\/08\/logo.png\",\"contentUrl\":\"https:\/\/www.loasisvegetale.fr\/wp-content\/uploads\/2025\/08\/logo.png\",\"width\":1024,\"height\":1024,\"caption\":\"L'oasis V\u00e9g\u00e9tale\"},\"image\":{\"@id\":\"https:\/\/www.loasisvegetale.fr\/#\/schema\/logo\/image\/\"},\"sameAs\":[\"https:\/\/www.instagram.com\/loasisvegetale\/\"]}]}<\/script>\n<!-- \/ Yoast SEO plugin. -->","yoast_head_json":{"title":"Terrarium - L&#039;oasis V\u00e9g\u00e9tale","robots":{"index":"index","follow":"follow","max-snippet":"max-snippet:-1","max-image-preview":"max-image-preview:large","max-video-preview":"max-video-preview:-1"},"canonical":"https:\/\/www.loasisvegetale.fr\/index.php\/toutes-mes-creations\/terrarium\/","og_locale":"fr_FR","og_type":"article","og_title":"Terrarium - L&#039;oasis V\u00e9g\u00e9tale","og_description":"[&hellip;]","og_url":"https:\/\/www.loasisvegetale.fr\/index.php\/toutes-mes-creations\/terrarium\/","og_site_name":"L&#039;oasis V\u00e9g\u00e9tale","article_modified_time":"2025-08-17T21:59:50+00:00","twitter_card":"summary_large_image","schema":{"@context":"https:\/\/schema.org","@graph":[{"@type":"WebPage","@id":"https:\/\/www.loasisvegetale.fr\/index.php\/toutes-mes-creations\/terrarium\/","url":"https:\/\/www.loasisvegetale.fr\/index.php\/toutes-mes-creations\/terrarium\/","name":"Terrarium - L&#039;oasis V\u00e9g\u00e9tale","isPartOf":{"@id":"https:\/\/www.loasisvegetale.fr\/#website"},"datePublished":"2025-08-17T17:14:06+00:00","dateModified":"2025-08-17T21:59:50+00:00","breadcrumb":{"@id":"https:\/\/www.loasisvegetale.fr\/index.php\/toutes-mes-creations\/terrarium\/#breadcrumb"},"inLanguage":"fr-FR","potentialAction":[{"@type":"ReadAction","target":["https:\/\/www.loasisvegetale.fr\/index.php\/toutes-mes-creations\/terrarium\/"]}]},{"@type":"BreadcrumbList","@id":"https:\/\/www.loasisvegetale.fr\/index.php\/toutes-mes-creations\/terrarium\/#breadcrumb","itemListElement":[{"@type":"ListItem","position":1,"name":"Accueil","item":"https:\/\/www.loasisvegetale.fr\/"},{"@type":"ListItem","position":2,"name":"Cr\u00e9ations","item":"https:\/\/www.loasisvegetale.fr\/index.php\/toutes-mes-creations\/"},{"@type":"ListItem","position":3,"name":"Terrarium"}]},{"@type":"WebSite","@id":"https:\/\/www.loasisvegetale.fr\/#website","url":"https:\/\/www.loasisvegetale.fr\/","name":"L'oasis V\u00e9g\u00e9tale","description":"\ud83c\udf44 L\u2019Oasis V\u00e9g\u00e9tale | Terrariums, Bougies &amp; Cr\u00e9ations Artisanales","publisher":{"@id":"https:\/\/www.loasisvegetale.fr\/#organization"},"potentialAction":[{"@type":"SearchAction","target":{"@type":"EntryPoint","urlTemplate":"https:\/\/www.loasisvegetale.fr\/?s={search_term_string}"},"query-input":{"@type":"PropertyValueSpecification","valueRequired":true,"valueName":"search_term_string"}}],"inLanguage":"fr-FR"},{"@type":"Organization","@id":"https:\/\/www.loasisvegetale.fr\/#organization","name":"L'oasis V\u00e9g\u00e9tale","url":"https:\/\/www.loasisvegetale.fr\/","logo":{"@type":"ImageObject","inLanguage":"fr-FR","@id":"https:\/\/www.loasisvegetale.fr\/#\/schema\/logo\/image\/","url":"https:\/\/www.loasisvegetale.fr\/wp-content\/uploads\/2025\/08\/logo.png","contentUrl":"https:\/\/www.loasisvegetale.fr\/wp-content\/uploads\/2025\/08\/logo.png","width":1024,"height":1024,"caption":"L'oasis V\u00e9g\u00e9tale"},"image":{"@id":"https:\/\/www.loasisvegetale.fr\/#\/schema\/logo\/image\/"},"sameAs":["https:\/\/www.instagram.com\/loasisvegetale\/"]}]}},"jetpack_sharing_enabled":true,"_links":{"self":[{"href":"https:\/\/www.loasisvegetale.fr\/index.php\/wp-json\/wp\/v2\/pages\/493","targetHints":{"allow":["GET"]}}],"collection":[{"href":"https:\/\/www.loasisvegetale.fr\/index.php\/wp-json\/wp\/v2\/pages"}],"about":[{"href":"https:\/\/www.loasisvegetale.fr\/index.php\/wp-json\/wp\/v2\/types\/page"}],"author":[{"embeddable":true,"href":"https:\/\/www.loasisvegetale.fr\/index.php\/wp-json\/wp\/v2\/users\/1"}],"replies":[{"embeddable":true,"href":"https:\/\/www.loasisvegetale.fr\/index.php\/wp-json\/wp\/v2\/comments?post=493"}],"version-history":[{"count":3,"href":"https:\/\/www.loasisvegetale.fr\/index.php\/wp-json\/wp\/v2\/pages\/493\/revisions"}],"predecessor-version":[{"id":529,"href":"https:\/\/www.loasisvegetale.fr\/index.php\/wp-json\/wp\/v2\/pages\/493\/revisions\/529"}],"up":[{"embeddable":true,"href":"https:\/\/www.loasisvegetale.fr\/index.php\/wp-json\/wp\/v2\/pages\/474"}],"wp:attachment":[{"href":"https:\/\/www.loasisvegetale.fr\/index.php\/wp-json\/wp\/v2\/media?parent=493"}],"curies":[{"name":"wp","href":"https:\/\/api.w.org\/{rel}","templated":true}]}}