{"id":1096,"date":"2025-08-22T20:37:08","date_gmt":"2025-08-22T20:37:08","guid":{"rendered":"https:\/\/www.loasisvegetale.fr\/?post_type=product&#038;p=1096"},"modified":"2025-08-22T20:41:16","modified_gmt":"2025-08-22T20:41:16","slug":"terre-sauvage-terrarium-foret","status":"publish","type":"product","link":"https:\/\/www.loasisvegetale.fr\/index.php\/produit\/terre-sauvage-terrarium-foret\/","title":{"rendered":"Terre sauvage"},"content":{"rendered":"<p><strong>Terre Sauvage \u2013 L\u2019essence brute de la for\u00eat<\/strong><\/p>\n<p>Dans ce terrarium, la nature s\u2019exprime dans <strong>toute sa simplicit\u00e9<\/strong> et <strong>son authenticit\u00e9<\/strong>. Terre Sauvage capture l\u2019atmosph\u00e8re d\u2019un sous-bois myst\u00e9rieux : un sol brun riche, une \u00e9corce vieillie qui raconte le temps qui passe, des pierres aux teintes naturelles, une mousse verdoyante qui apporte une touche de vie et de fra\u00eecheur.<\/p>\n<p>Les contrastes entre la texture rugueuse du bois, la douceur de la mousse et la force min\u00e9rale des pierres cr\u00e9ent un \u00e9quilibre parfait, comme une sc\u00e8ne fig\u00e9e d\u2019un paysage forestier. Chaque \u00e9l\u00e9ment a sa place, rappelant la beaut\u00e9 sauvage et spontan\u00e9e de la nature.<\/p>\n<p>Id\u00e9al pour : Les amateurs d\u2019authenticit\u00e9, ceux qui veulent un fragment de for\u00eat chez eux, ou offrir un morceau d\u2019\u00e9vasion naturelle \u00e0 un proche.<\/p>\n<p>Entretien : Lumi\u00e8re douce, sans soleil direct. Humidifiez l\u00e9g\u00e8rement la mousse une \u00e0 deux fois par mois. Observez-le \u00e9voluer, car Terre Sauvage vit et respire \u00e0 son rythme.<\/p>\n","protected":false},"excerpt":{"rendered":"<p>Plongez dans l\u2019univers naturel de Terre Sauvage : un terrarium inspir\u00e9 des sous-bois, [&hellip;]<\/p>\n","protected":false},"featured_media":1097,"comment_status":"open","ping_status":"closed","template":"","meta":[],"product_brand":[],"product_cat":[26],"product_tag":[],"class_list":{"0":"post-1096","1":"product","2":"type-product","3":"status-publish","4":"has-post-thumbnail","6":"product_cat-terrarium","7":"pa_taille-moyen","9":"first","10":"instock","11":"taxable","12":"shipping-taxable","13":"purchasable","14":"product-type-simple"},"yoast_head":"<!-- This site is optimized with the Yoast SEO plugin v25.7 - https:\/\/yoast.com\/wordpress\/plugins\/seo\/ -->\n<title>Terre sauvage - L&#039;oasis V\u00e9g\u00e9tale<\/title>\n<meta name=\"description\" content=\"Plongez dans l\u2019univers naturel de Terre Sauvage : un terrarium inspir\u00e9 des sous-bois, m\u00ealant bois, mousse et pierres pour une touche de for\u00eat chez vous.\" \/>\n<meta name=\"robots\" content=\"index, follow, max-snippet:-1, max-image-preview:large, max-video-preview:-1\" \/>\n<link rel=\"canonical\" href=\"https:\/\/www.loasisvegetale.fr\/index.php\/produit\/terre-sauvage-terrarium-foret\/\" \/>\n<meta property=\"og:locale\" content=\"fr_FR\" \/>\n<meta property=\"og:type\" content=\"article\" \/>\n<meta property=\"og:title\" content=\"Terre sauvage - L&#039;oasis V\u00e9g\u00e9tale\" \/>\n<meta property=\"og:description\" content=\"Plongez dans l\u2019univers naturel de Terre Sauvage : un terrarium inspir\u00e9 des sous-bois, m\u00ealant bois, mousse et pierres pour une touche de for\u00eat chez vous.\" \/>\n<meta property=\"og:url\" content=\"https:\/\/www.loasisvegetale.fr\/index.php\/produit\/terre-sauvage-terrarium-foret\/\" \/>\n<meta property=\"og:site_name\" content=\"L&#039;oasis V\u00e9g\u00e9tale\" \/>\n<meta property=\"article:modified_time\" content=\"2025-08-22T20:41:16+00:00\" \/>\n<meta property=\"og:image\" content=\"https:\/\/www.loasisvegetale.fr\/wp-content\/uploads\/2025\/08\/1-4.jpg\" \/>\n\t<meta property=\"og:image:width\" content=\"1200\" \/>\n\t<meta property=\"og:image:height\" content=\"1600\" \/>\n\t<meta property=\"og:image:type\" content=\"image\/jpeg\" \/>\n<meta name=\"twitter:card\" content=\"summary_large_image\" \/>\n<meta name=\"twitter:label1\" content=\"Dur\u00e9e de lecture estim\u00e9e\" \/>\n\t<meta name=\"twitter:data1\" content=\"1 minute\" \/>\n<script type=\"application\/ld+json\" class=\"yoast-schema-graph\">{\"@context\":\"https:\/\/schema.org\",\"@graph\":[{\"@type\":\"WebPage\",\"@id\":\"https:\/\/www.loasisvegetale.fr\/index.php\/produit\/terre-sauvage-terrarium-foret\/\",\"url\":\"https:\/\/www.loasisvegetale.fr\/index.php\/produit\/terre-sauvage-terrarium-foret\/\",\"name\":\"Terre sauvage - L&#039;oasis V\u00e9g\u00e9tale\",\"isPartOf\":{\"@id\":\"https:\/\/www.loasisvegetale.fr\/#website\"},\"primaryImageOfPage\":{\"@id\":\"https:\/\/www.loasisvegetale.fr\/index.php\/produit\/terre-sauvage-terrarium-foret\/#primaryimage\"},\"image\":{\"@id\":\"https:\/\/www.loasisvegetale.fr\/index.php\/produit\/terre-sauvage-terrarium-foret\/#primaryimage\"},\"thumbnailUrl\":\"https:\/\/www.loasisvegetale.fr\/wp-content\/uploads\/2025\/08\/1-4.jpg\",\"datePublished\":\"2025-08-22T20:37:08+00:00\",\"dateModified\":\"2025-08-22T20:41:16+00:00\",\"description\":\"Plongez dans l\u2019univers naturel de Terre Sauvage : un terrarium inspir\u00e9 des sous-bois, m\u00ealant bois, mousse et pierres pour une touche de for\u00eat chez vous.\",\"breadcrumb\":{\"@id\":\"https:\/\/www.loasisvegetale.fr\/index.php\/produit\/terre-sauvage-terrarium-foret\/#breadcrumb\"},\"inLanguage\":\"fr-FR\",\"potentialAction\":[{\"@type\":\"ReadAction\",\"target\":[\"https:\/\/www.loasisvegetale.fr\/index.php\/produit\/terre-sauvage-terrarium-foret\/\"]}]},{\"@type\":\"ImageObject\",\"inLanguage\":\"fr-FR\",\"@id\":\"https:\/\/www.loasisvegetale.fr\/index.php\/produit\/terre-sauvage-terrarium-foret\/#primaryimage\",\"url\":\"https:\/\/www.loasisvegetale.fr\/wp-content\/uploads\/2025\/08\/1-4.jpg\",\"contentUrl\":\"https:\/\/www.loasisvegetale.fr\/wp-content\/uploads\/2025\/08\/1-4.jpg\",\"width\":1200,\"height\":1600},{\"@type\":\"BreadcrumbList\",\"@id\":\"https:\/\/www.loasisvegetale.fr\/index.php\/produit\/terre-sauvage-terrarium-foret\/#breadcrumb\",\"itemListElement\":[{\"@type\":\"ListItem\",\"position\":1,\"name\":\"Accueil\",\"item\":\"https:\/\/www.loasisvegetale.fr\/\"},{\"@type\":\"ListItem\",\"position\":2,\"name\":\"Cr\u00e9ations\",\"item\":\"https:\/\/www.loasisvegetale.fr\/index.php\/toutes-mes-creations\/\"},{\"@type\":\"ListItem\",\"position\":3,\"name\":\"Terre sauvage\"}]},{\"@type\":\"WebSite\",\"@id\":\"https:\/\/www.loasisvegetale.fr\/#website\",\"url\":\"https:\/\/www.loasisvegetale.fr\/\",\"name\":\"L'oasis V\u00e9g\u00e9tale\",\"description\":\"\ud83c\udf44 L\u2019Oasis V\u00e9g\u00e9tale | Terrariums, Bougies &amp; Cr\u00e9ations Artisanales\",\"publisher\":{\"@id\":\"https:\/\/www.loasisvegetale.fr\/#organization\"},\"potentialAction\":[{\"@type\":\"SearchAction\",\"target\":{\"@type\":\"EntryPoint\",\"urlTemplate\":\"https:\/\/www.loasisvegetale.fr\/?s={search_term_string}\"},\"query-input\":{\"@type\":\"PropertyValueSpecification\",\"valueRequired\":true,\"valueName\":\"search_term_string\"}}],\"inLanguage\":\"fr-FR\"},{\"@type\":\"Organization\",\"@id\":\"https:\/\/www.loasisvegetale.fr\/#organization\",\"name\":\"L'oasis V\u00e9g\u00e9tale\",\"url\":\"https:\/\/www.loasisvegetale.fr\/\",\"logo\":{\"@type\":\"ImageObject\",\"inLanguage\":\"fr-FR\",\"@id\":\"https:\/\/www.loasisvegetale.fr\/#\/schema\/logo\/image\/\",\"url\":\"https:\/\/www.loasisvegetale.fr\/wp-content\/uploads\/2025\/08\/logo.png\",\"contentUrl\":\"https:\/\/www.loasisvegetale.fr\/wp-content\/uploads\/2025\/08\/logo.png\",\"width\":1024,\"height\":1024,\"caption\":\"L'oasis V\u00e9g\u00e9tale\"},\"image\":{\"@id\":\"https:\/\/www.loasisvegetale.fr\/#\/schema\/logo\/image\/\"},\"sameAs\":[\"https:\/\/www.instagram.com\/loasisvegetale\/\"]}]}<\/script>\n<!-- \/ Yoast SEO plugin. -->","yoast_head_json":{"title":"Terre sauvage - L&#039;oasis V\u00e9g\u00e9tale","description":"Plongez dans l\u2019univers naturel de Terre Sauvage : un terrarium inspir\u00e9 des sous-bois, m\u00ealant bois, mousse et pierres pour une touche de for\u00eat chez vous.","robots":{"index":"index","follow":"follow","max-snippet":"max-snippet:-1","max-image-preview":"max-image-preview:large","max-video-preview":"max-video-preview:-1"},"canonical":"https:\/\/www.loasisvegetale.fr\/index.php\/produit\/terre-sauvage-terrarium-foret\/","og_locale":"fr_FR","og_type":"article","og_title":"Terre sauvage - L&#039;oasis V\u00e9g\u00e9tale","og_description":"Plongez dans l\u2019univers naturel de Terre Sauvage : un terrarium inspir\u00e9 des sous-bois, m\u00ealant bois, mousse et pierres pour une touche de for\u00eat chez vous.","og_url":"https:\/\/www.loasisvegetale.fr\/index.php\/produit\/terre-sauvage-terrarium-foret\/","og_site_name":"L&#039;oasis V\u00e9g\u00e9tale","article_modified_time":"2025-08-22T20:41:16+00:00","og_image":[{"width":1200,"height":1600,"url":"https:\/\/www.loasisvegetale.fr\/wp-content\/uploads\/2025\/08\/1-4.jpg","type":"image\/jpeg"}],"twitter_card":"summary_large_image","twitter_misc":{"Dur\u00e9e de lecture estim\u00e9e":"1 minute"},"schema":{"@context":"https:\/\/schema.org","@graph":[{"@type":"WebPage","@id":"https:\/\/www.loasisvegetale.fr\/index.php\/produit\/terre-sauvage-terrarium-foret\/","url":"https:\/\/www.loasisvegetale.fr\/index.php\/produit\/terre-sauvage-terrarium-foret\/","name":"Terre sauvage - L&#039;oasis V\u00e9g\u00e9tale","isPartOf":{"@id":"https:\/\/www.loasisvegetale.fr\/#website"},"primaryImageOfPage":{"@id":"https:\/\/www.loasisvegetale.fr\/index.php\/produit\/terre-sauvage-terrarium-foret\/#primaryimage"},"image":{"@id":"https:\/\/www.loasisvegetale.fr\/index.php\/produit\/terre-sauvage-terrarium-foret\/#primaryimage"},"thumbnailUrl":"https:\/\/www.loasisvegetale.fr\/wp-content\/uploads\/2025\/08\/1-4.jpg","datePublished":"2025-08-22T20:37:08+00:00","dateModified":"2025-08-22T20:41:16+00:00","description":"Plongez dans l\u2019univers naturel de Terre Sauvage : un terrarium inspir\u00e9 des sous-bois, m\u00ealant bois, mousse et pierres pour une touche de for\u00eat chez vous.","breadcrumb":{"@id":"https:\/\/www.loasisvegetale.fr\/index.php\/produit\/terre-sauvage-terrarium-foret\/#breadcrumb"},"inLanguage":"fr-FR","potentialAction":[{"@type":"ReadAction","target":["https:\/\/www.loasisvegetale.fr\/index.php\/produit\/terre-sauvage-terrarium-foret\/"]}]},{"@type":"ImageObject","inLanguage":"fr-FR","@id":"https:\/\/www.loasisvegetale.fr\/index.php\/produit\/terre-sauvage-terrarium-foret\/#primaryimage","url":"https:\/\/www.loasisvegetale.fr\/wp-content\/uploads\/2025\/08\/1-4.jpg","contentUrl":"https:\/\/www.loasisvegetale.fr\/wp-content\/uploads\/2025\/08\/1-4.jpg","width":1200,"height":1600},{"@type":"BreadcrumbList","@id":"https:\/\/www.loasisvegetale.fr\/index.php\/produit\/terre-sauvage-terrarium-foret\/#breadcrumb","itemListElement":[{"@type":"ListItem","position":1,"name":"Accueil","item":"https:\/\/www.loasisvegetale.fr\/"},{"@type":"ListItem","position":2,"name":"Cr\u00e9ations","item":"https:\/\/www.loasisvegetale.fr\/index.php\/toutes-mes-creations\/"},{"@type":"ListItem","position":3,"name":"Terre sauvage"}]},{"@type":"WebSite","@id":"https:\/\/www.loasisvegetale.fr\/#website","url":"https:\/\/www.loasisvegetale.fr\/","name":"L'oasis V\u00e9g\u00e9tale","description":"\ud83c\udf44 L\u2019Oasis V\u00e9g\u00e9tale | Terrariums, Bougies &amp; Cr\u00e9ations Artisanales","publisher":{"@id":"https:\/\/www.loasisvegetale.fr\/#organization"},"potentialAction":[{"@type":"SearchAction","target":{"@type":"EntryPoint","urlTemplate":"https:\/\/www.loasisvegetale.fr\/?s={search_term_string}"},"query-input":{"@type":"PropertyValueSpecification","valueRequired":true,"valueName":"search_term_string"}}],"inLanguage":"fr-FR"},{"@type":"Organization","@id":"https:\/\/www.loasisvegetale.fr\/#organization","name":"L'oasis V\u00e9g\u00e9tale","url":"https:\/\/www.loasisvegetale.fr\/","logo":{"@type":"ImageObject","inLanguage":"fr-FR","@id":"https:\/\/www.loasisvegetale.fr\/#\/schema\/logo\/image\/","url":"https:\/\/www.loasisvegetale.fr\/wp-content\/uploads\/2025\/08\/logo.png","contentUrl":"https:\/\/www.loasisvegetale.fr\/wp-content\/uploads\/2025\/08\/logo.png","width":1024,"height":1024,"caption":"L'oasis V\u00e9g\u00e9tale"},"image":{"@id":"https:\/\/www.loasisvegetale.fr\/#\/schema\/logo\/image\/"},"sameAs":["https:\/\/www.instagram.com\/loasisvegetale\/"]}]}},"jetpack_sharing_enabled":true,"_links":{"self":[{"href":"https:\/\/www.loasisvegetale.fr\/index.php\/wp-json\/wp\/v2\/product\/1096","targetHints":{"allow":["GET"]}}],"collection":[{"href":"https:\/\/www.loasisvegetale.fr\/index.php\/wp-json\/wp\/v2\/product"}],"about":[{"href":"https:\/\/www.loasisvegetale.fr\/index.php\/wp-json\/wp\/v2\/types\/product"}],"replies":[{"embeddable":true,"href":"https:\/\/www.loasisvegetale.fr\/index.php\/wp-json\/wp\/v2\/comments?post=1096"}],"wp:featuredmedia":[{"embeddable":true,"href":"https:\/\/www.loasisvegetale.fr\/index.php\/wp-json\/wp\/v2\/media\/1097"}],"wp:attachment":[{"href":"https:\/\/www.loasisvegetale.fr\/index.php\/wp-json\/wp\/v2\/media?parent=1096"}],"wp:term":[{"taxonomy":"product_brand","embeddable":true,"href":"https:\/\/www.loasisvegetale.fr\/index.php\/wp-json\/wp\/v2\/product_brand?post=1096"},{"taxonomy":"product_cat","embeddable":true,"href":"https:\/\/www.loasisvegetale.fr\/index.php\/wp-json\/wp\/v2\/product_cat?post=1096"},{"taxonomy":"product_tag","embeddable":true,"href":"https:\/\/www.loasisvegetale.fr\/index.php\/wp-json\/wp\/v2\/product_tag?post=1096"}],"curies":[{"name":"wp","href":"https:\/\/api.w.org\/{rel}","templated":true}]}}