{"id":1100,"date":"2025-08-22T20:46:12","date_gmt":"2025-08-22T20:46:12","guid":{"rendered":"https:\/\/www.loasisvegetale.fr\/?post_type=product&#038;p=1100"},"modified":"2025-08-22T20:56:29","modified_gmt":"2025-08-22T20:56:29","slug":"evasion-naturelle","status":"publish","type":"product","link":"https:\/\/www.loasisvegetale.fr\/index.php\/produit\/evasion-naturelle\/","title":{"rendered":"Evasion naturelle"},"content":{"rendered":"<p><strong>Evasion naturelle <\/strong><br \/>\nPlongez dans un univers miniature enchanteur avec ce <strong>terrarium forestier<\/strong>. Recouvert d\u2019un tapis de mousse verdoyante, il abrite des \u00e9l\u00e9ments naturels soigneusement s\u00e9lectionn\u00e9s : un c\u00f4ne de pin central \u00e9voquant une <strong>souche ancienne<\/strong>, des <strong>champignons rouges<\/strong> qui apportent une touche f\u00e9erique et <strong>un coquillage<\/strong> d\u00e9licat qui rappelle le lien entre terre et mer. Une <strong>branche de conif\u00e8re<\/strong> vient parfaire la composition, offrant verticalit\u00e9 et \u00e9l\u00e9gance. Un d\u00e9cor vivant et po\u00e9tique, id\u00e9al pour inviter un fragment de <strong>nature sauvage<\/strong> dans votre int\u00e9rieur.<\/p>\n","protected":false},"excerpt":{"rendered":"<p>Evasion naturelle Plongez dans un univers miniature enchanteur avec ce terrarium forestier. Recouvert [&hellip;]<\/p>\n","protected":false},"featured_media":1101,"comment_status":"open","ping_status":"closed","template":"","meta":[],"product_brand":[],"product_cat":[26],"product_tag":[],"class_list":{"0":"post-1100","1":"product","2":"type-product","3":"status-publish","4":"has-post-thumbnail","6":"product_cat-terrarium","7":"pa_taille-moyen","9":"first","10":"instock","11":"taxable","12":"shipping-taxable","13":"purchasable","14":"product-type-simple"},"yoast_head":"<!-- This site is optimized with the Yoast SEO plugin v25.7 - https:\/\/yoast.com\/wordpress\/plugins\/seo\/ -->\n<title>Evasion naturelle - L&#039;oasis V\u00e9g\u00e9tale<\/title>\n<meta name=\"description\" content=\"&quot;For\u00eat Enchant\u00e9e&quot; : mousse luxuriante, champignons rouges f\u00e9eriques, branches et coquillage d\u00e9licat. Un \u00e9cosyst\u00e8me miniature au charme naturel et po\u00e9tique.\" \/>\n<meta name=\"robots\" content=\"index, follow, max-snippet:-1, max-image-preview:large, max-video-preview:-1\" \/>\n<link rel=\"canonical\" href=\"https:\/\/www.loasisvegetale.fr\/index.php\/produit\/evasion-naturelle\/\" \/>\n<meta property=\"og:locale\" content=\"fr_FR\" \/>\n<meta property=\"og:type\" content=\"article\" \/>\n<meta property=\"og:title\" content=\"Evasion naturelle - L&#039;oasis V\u00e9g\u00e9tale\" \/>\n<meta property=\"og:description\" content=\"&quot;For\u00eat Enchant\u00e9e&quot; : mousse luxuriante, champignons rouges f\u00e9eriques, branches et coquillage d\u00e9licat. Un \u00e9cosyst\u00e8me miniature au charme naturel et po\u00e9tique.\" \/>\n<meta property=\"og:url\" content=\"https:\/\/www.loasisvegetale.fr\/index.php\/produit\/evasion-naturelle\/\" \/>\n<meta property=\"og:site_name\" content=\"L&#039;oasis V\u00e9g\u00e9tale\" \/>\n<meta property=\"article:modified_time\" content=\"2025-08-22T20:56:29+00:00\" \/>\n<meta property=\"og:image\" content=\"https:\/\/www.loasisvegetale.fr\/wp-content\/uploads\/2025\/08\/1-5.jpg\" \/>\n\t<meta property=\"og:image:width\" content=\"1199\" \/>\n\t<meta property=\"og:image:height\" content=\"1600\" \/>\n\t<meta property=\"og:image:type\" content=\"image\/jpeg\" \/>\n<meta name=\"twitter:card\" content=\"summary_large_image\" \/>\n<meta name=\"twitter:label1\" content=\"Dur\u00e9e de lecture estim\u00e9e\" \/>\n\t<meta name=\"twitter:data1\" content=\"1 minute\" \/>\n<script type=\"application\/ld+json\" class=\"yoast-schema-graph\">{\"@context\":\"https:\/\/schema.org\",\"@graph\":[{\"@type\":\"WebPage\",\"@id\":\"https:\/\/www.loasisvegetale.fr\/index.php\/produit\/evasion-naturelle\/\",\"url\":\"https:\/\/www.loasisvegetale.fr\/index.php\/produit\/evasion-naturelle\/\",\"name\":\"Evasion naturelle - L&#039;oasis V\u00e9g\u00e9tale\",\"isPartOf\":{\"@id\":\"https:\/\/www.loasisvegetale.fr\/#website\"},\"primaryImageOfPage\":{\"@id\":\"https:\/\/www.loasisvegetale.fr\/index.php\/produit\/evasion-naturelle\/#primaryimage\"},\"image\":{\"@id\":\"https:\/\/www.loasisvegetale.fr\/index.php\/produit\/evasion-naturelle\/#primaryimage\"},\"thumbnailUrl\":\"https:\/\/www.loasisvegetale.fr\/wp-content\/uploads\/2025\/08\/1-5.jpg\",\"datePublished\":\"2025-08-22T20:46:12+00:00\",\"dateModified\":\"2025-08-22T20:56:29+00:00\",\"description\":\"\\\"For\u00eat Enchant\u00e9e\\\" : mousse luxuriante, champignons rouges f\u00e9eriques, branches et coquillage d\u00e9licat. Un \u00e9cosyst\u00e8me miniature au charme naturel et po\u00e9tique.\",\"breadcrumb\":{\"@id\":\"https:\/\/www.loasisvegetale.fr\/index.php\/produit\/evasion-naturelle\/#breadcrumb\"},\"inLanguage\":\"fr-FR\",\"potentialAction\":[{\"@type\":\"ReadAction\",\"target\":[\"https:\/\/www.loasisvegetale.fr\/index.php\/produit\/evasion-naturelle\/\"]}]},{\"@type\":\"ImageObject\",\"inLanguage\":\"fr-FR\",\"@id\":\"https:\/\/www.loasisvegetale.fr\/index.php\/produit\/evasion-naturelle\/#primaryimage\",\"url\":\"https:\/\/www.loasisvegetale.fr\/wp-content\/uploads\/2025\/08\/1-5.jpg\",\"contentUrl\":\"https:\/\/www.loasisvegetale.fr\/wp-content\/uploads\/2025\/08\/1-5.jpg\",\"width\":1199,\"height\":1600},{\"@type\":\"BreadcrumbList\",\"@id\":\"https:\/\/www.loasisvegetale.fr\/index.php\/produit\/evasion-naturelle\/#breadcrumb\",\"itemListElement\":[{\"@type\":\"ListItem\",\"position\":1,\"name\":\"Accueil\",\"item\":\"https:\/\/www.loasisvegetale.fr\/\"},{\"@type\":\"ListItem\",\"position\":2,\"name\":\"Cr\u00e9ations\",\"item\":\"https:\/\/www.loasisvegetale.fr\/index.php\/toutes-mes-creations\/\"},{\"@type\":\"ListItem\",\"position\":3,\"name\":\"Evasion naturelle\"}]},{\"@type\":\"WebSite\",\"@id\":\"https:\/\/www.loasisvegetale.fr\/#website\",\"url\":\"https:\/\/www.loasisvegetale.fr\/\",\"name\":\"L'oasis V\u00e9g\u00e9tale\",\"description\":\"\ud83c\udf44 L\u2019Oasis V\u00e9g\u00e9tale | Terrariums, Bougies &amp; Cr\u00e9ations Artisanales\",\"publisher\":{\"@id\":\"https:\/\/www.loasisvegetale.fr\/#organization\"},\"potentialAction\":[{\"@type\":\"SearchAction\",\"target\":{\"@type\":\"EntryPoint\",\"urlTemplate\":\"https:\/\/www.loasisvegetale.fr\/?s={search_term_string}\"},\"query-input\":{\"@type\":\"PropertyValueSpecification\",\"valueRequired\":true,\"valueName\":\"search_term_string\"}}],\"inLanguage\":\"fr-FR\"},{\"@type\":\"Organization\",\"@id\":\"https:\/\/www.loasisvegetale.fr\/#organization\",\"name\":\"L'oasis V\u00e9g\u00e9tale\",\"url\":\"https:\/\/www.loasisvegetale.fr\/\",\"logo\":{\"@type\":\"ImageObject\",\"inLanguage\":\"fr-FR\",\"@id\":\"https:\/\/www.loasisvegetale.fr\/#\/schema\/logo\/image\/\",\"url\":\"https:\/\/www.loasisvegetale.fr\/wp-content\/uploads\/2025\/08\/logo.png\",\"contentUrl\":\"https:\/\/www.loasisvegetale.fr\/wp-content\/uploads\/2025\/08\/logo.png\",\"width\":1024,\"height\":1024,\"caption\":\"L'oasis V\u00e9g\u00e9tale\"},\"image\":{\"@id\":\"https:\/\/www.loasisvegetale.fr\/#\/schema\/logo\/image\/\"},\"sameAs\":[\"https:\/\/www.instagram.com\/loasisvegetale\/\"]}]}<\/script>\n<!-- \/ Yoast SEO plugin. -->","yoast_head_json":{"title":"Evasion naturelle - L&#039;oasis V\u00e9g\u00e9tale","description":"\"For\u00eat Enchant\u00e9e\" : mousse luxuriante, champignons rouges f\u00e9eriques, branches et coquillage d\u00e9licat. Un \u00e9cosyst\u00e8me miniature au charme naturel et po\u00e9tique.","robots":{"index":"index","follow":"follow","max-snippet":"max-snippet:-1","max-image-preview":"max-image-preview:large","max-video-preview":"max-video-preview:-1"},"canonical":"https:\/\/www.loasisvegetale.fr\/index.php\/produit\/evasion-naturelle\/","og_locale":"fr_FR","og_type":"article","og_title":"Evasion naturelle - L&#039;oasis V\u00e9g\u00e9tale","og_description":"\"For\u00eat Enchant\u00e9e\" : mousse luxuriante, champignons rouges f\u00e9eriques, branches et coquillage d\u00e9licat. Un \u00e9cosyst\u00e8me miniature au charme naturel et po\u00e9tique.","og_url":"https:\/\/www.loasisvegetale.fr\/index.php\/produit\/evasion-naturelle\/","og_site_name":"L&#039;oasis V\u00e9g\u00e9tale","article_modified_time":"2025-08-22T20:56:29+00:00","og_image":[{"width":1199,"height":1600,"url":"https:\/\/www.loasisvegetale.fr\/wp-content\/uploads\/2025\/08\/1-5.jpg","type":"image\/jpeg"}],"twitter_card":"summary_large_image","twitter_misc":{"Dur\u00e9e de lecture estim\u00e9e":"1 minute"},"schema":{"@context":"https:\/\/schema.org","@graph":[{"@type":"WebPage","@id":"https:\/\/www.loasisvegetale.fr\/index.php\/produit\/evasion-naturelle\/","url":"https:\/\/www.loasisvegetale.fr\/index.php\/produit\/evasion-naturelle\/","name":"Evasion naturelle - L&#039;oasis V\u00e9g\u00e9tale","isPartOf":{"@id":"https:\/\/www.loasisvegetale.fr\/#website"},"primaryImageOfPage":{"@id":"https:\/\/www.loasisvegetale.fr\/index.php\/produit\/evasion-naturelle\/#primaryimage"},"image":{"@id":"https:\/\/www.loasisvegetale.fr\/index.php\/produit\/evasion-naturelle\/#primaryimage"},"thumbnailUrl":"https:\/\/www.loasisvegetale.fr\/wp-content\/uploads\/2025\/08\/1-5.jpg","datePublished":"2025-08-22T20:46:12+00:00","dateModified":"2025-08-22T20:56:29+00:00","description":"\"For\u00eat Enchant\u00e9e\" : mousse luxuriante, champignons rouges f\u00e9eriques, branches et coquillage d\u00e9licat. Un \u00e9cosyst\u00e8me miniature au charme naturel et po\u00e9tique.","breadcrumb":{"@id":"https:\/\/www.loasisvegetale.fr\/index.php\/produit\/evasion-naturelle\/#breadcrumb"},"inLanguage":"fr-FR","potentialAction":[{"@type":"ReadAction","target":["https:\/\/www.loasisvegetale.fr\/index.php\/produit\/evasion-naturelle\/"]}]},{"@type":"ImageObject","inLanguage":"fr-FR","@id":"https:\/\/www.loasisvegetale.fr\/index.php\/produit\/evasion-naturelle\/#primaryimage","url":"https:\/\/www.loasisvegetale.fr\/wp-content\/uploads\/2025\/08\/1-5.jpg","contentUrl":"https:\/\/www.loasisvegetale.fr\/wp-content\/uploads\/2025\/08\/1-5.jpg","width":1199,"height":1600},{"@type":"BreadcrumbList","@id":"https:\/\/www.loasisvegetale.fr\/index.php\/produit\/evasion-naturelle\/#breadcrumb","itemListElement":[{"@type":"ListItem","position":1,"name":"Accueil","item":"https:\/\/www.loasisvegetale.fr\/"},{"@type":"ListItem","position":2,"name":"Cr\u00e9ations","item":"https:\/\/www.loasisvegetale.fr\/index.php\/toutes-mes-creations\/"},{"@type":"ListItem","position":3,"name":"Evasion naturelle"}]},{"@type":"WebSite","@id":"https:\/\/www.loasisvegetale.fr\/#website","url":"https:\/\/www.loasisvegetale.fr\/","name":"L'oasis V\u00e9g\u00e9tale","description":"\ud83c\udf44 L\u2019Oasis V\u00e9g\u00e9tale | Terrariums, Bougies &amp; Cr\u00e9ations Artisanales","publisher":{"@id":"https:\/\/www.loasisvegetale.fr\/#organization"},"potentialAction":[{"@type":"SearchAction","target":{"@type":"EntryPoint","urlTemplate":"https:\/\/www.loasisvegetale.fr\/?s={search_term_string}"},"query-input":{"@type":"PropertyValueSpecification","valueRequired":true,"valueName":"search_term_string"}}],"inLanguage":"fr-FR"},{"@type":"Organization","@id":"https:\/\/www.loasisvegetale.fr\/#organization","name":"L'oasis V\u00e9g\u00e9tale","url":"https:\/\/www.loasisvegetale.fr\/","logo":{"@type":"ImageObject","inLanguage":"fr-FR","@id":"https:\/\/www.loasisvegetale.fr\/#\/schema\/logo\/image\/","url":"https:\/\/www.loasisvegetale.fr\/wp-content\/uploads\/2025\/08\/logo.png","contentUrl":"https:\/\/www.loasisvegetale.fr\/wp-content\/uploads\/2025\/08\/logo.png","width":1024,"height":1024,"caption":"L'oasis V\u00e9g\u00e9tale"},"image":{"@id":"https:\/\/www.loasisvegetale.fr\/#\/schema\/logo\/image\/"},"sameAs":["https:\/\/www.instagram.com\/loasisvegetale\/"]}]}},"jetpack_sharing_enabled":true,"_links":{"self":[{"href":"https:\/\/www.loasisvegetale.fr\/index.php\/wp-json\/wp\/v2\/product\/1100","targetHints":{"allow":["GET"]}}],"collection":[{"href":"https:\/\/www.loasisvegetale.fr\/index.php\/wp-json\/wp\/v2\/product"}],"about":[{"href":"https:\/\/www.loasisvegetale.fr\/index.php\/wp-json\/wp\/v2\/types\/product"}],"replies":[{"embeddable":true,"href":"https:\/\/www.loasisvegetale.fr\/index.php\/wp-json\/wp\/v2\/comments?post=1100"}],"wp:featuredmedia":[{"embeddable":true,"href":"https:\/\/www.loasisvegetale.fr\/index.php\/wp-json\/wp\/v2\/media\/1101"}],"wp:attachment":[{"href":"https:\/\/www.loasisvegetale.fr\/index.php\/wp-json\/wp\/v2\/media?parent=1100"}],"wp:term":[{"taxonomy":"product_brand","embeddable":true,"href":"https:\/\/www.loasisvegetale.fr\/index.php\/wp-json\/wp\/v2\/product_brand?post=1100"},{"taxonomy":"product_cat","embeddable":true,"href":"https:\/\/www.loasisvegetale.fr\/index.php\/wp-json\/wp\/v2\/product_cat?post=1100"},{"taxonomy":"product_tag","embeddable":true,"href":"https:\/\/www.loasisvegetale.fr\/index.php\/wp-json\/wp\/v2\/product_tag?post=1100"}],"curies":[{"name":"wp","href":"https:\/\/api.w.org\/{rel}","templated":true}]}}